{"id":995,"date":"2024-09-17T06:41:27","date_gmt":"2024-09-17T06:41:27","guid":{"rendered":"http:\/\/dental-hospital.test\/?page_id=995"},"modified":"2024-09-17T06:41:27","modified_gmt":"2024-09-17T06:41:27","slug":"icon-box-fr","status":"publish","type":"page","link":"https:\/\/cndentalhospital.com\/?page_id=995&lang=fr","title":{"rendered":"Bloc d\u2019ic\u00f4nes"},"content":{"rendered":"<h2>Bloc ic\u00f4ne style 1<\/h2>\n<p>\\n<div class=\"flex-element row flex-wrap \"><div class=\"col-3 tab-col-6 \">\n<div class=\"iconbox style1 wow zoomIn\" data-wow-duration=\"2s\">\n<div class=\"iconbox-icon\">\n<div class=\"iconbox-icon-inner\"><i class=\"fa-thin fa-lock-keyhole\"><\/i><\/div>\n<\/div>\n<div class=\"iconbox-content\">\n<h4><a href=\"#\">Paiement s\u00e9curis\u00e9<\/a><\/h4>\n<p> Ceci est un texte d\u2019exemple pour pr\u00e9senter bri\u00e8vement la fonctionnalit\u00e9 ou l\u2019avantage associ\u00e9. <\/p>\n<\/div>\n<\/div>\n<\/div>\n<div class=\"col-3 tab-col-6 \">\n<div class=\"iconbox style1 wow zoomIn\" data-wow-duration=\"2s\">\n<div class=\"iconbox-icon\">\n<div class=\"iconbox-icon-inner\"><i class=\"fa-thin fa-sack-dollar\"><\/i><\/div>\n<\/div>\n<div class=\"iconbox-content\">\n<h4><a href=\"#\">Meilleur prix garanti<\/a><\/h4>\n<p> Ceci est un texte d\u2019exemple pour pr\u00e9senter bri\u00e8vement la fonctionnalit\u00e9 ou l\u2019avantage associ\u00e9. <\/p>\n<\/div>\n<\/div>\n<\/div>\n<div class=\"col-3 tab-col-6 \">\n<div class=\"iconbox style1 wow zoomIn\" data-wow-duration=\"2s\">\n<div class=\"iconbox-icon\">\n<div class=\"iconbox-icon-inner\"><i class=\"fa-thin fa-truck-fast\"><\/i><\/div>\n<\/div>\n<div class=\"iconbox-content\">\n<h4><a href=\"#\">Livraison gratuite<\/a><\/h4>\n<p> Ceci est un texte d\u2019exemple pour pr\u00e9senter bri\u00e8vement la fonctionnalit\u00e9 ou l\u2019avantage associ\u00e9. <\/p>\n<\/div>\n<\/div>\n<\/div>\n<div class=\"col-3 tab-col-6 \">\n<div class=\"iconbox style1 wow zoomIn\" data-wow-duration=\"2s\">\n<div class=\"iconbox-icon\">\n<div class=\"iconbox-icon-inner\"><i class=\"fa-thin fa-rotate-left\"><\/i><\/div>\n<\/div>\n<div class=\"iconbox-content\">\n<h4><a href=\"#\">Retours faciles<\/a><\/h4>\n<p> Ceci est un texte d\u2019exemple pour pr\u00e9senter bri\u00e8vement la fonctionnalit\u00e9 ou l\u2019avantage associ\u00e9. <\/p>\n<\/div>\n<\/div>\n<\/div>\n<\/div><br \/>\n\\n<br \/>\n\\n<div class=\"hr\"><\/div><br \/>\n\\n<br \/>\n\\n<\/p>\n<h2>Bloc ic\u00f4ne style 2<\/h2>\n<p>\\n<div class=\"flex-element row flex-wrap \"><div class=\"col-3 tab-col-6 \">\n<div class=\"iconbox style2 wow zoomIn\" data-wow-duration=\"2s\">\n<div class=\"iconbox-icon\">\n<div class=\"iconbox-icon-inner\"><i class=\"fa-thin fa-lock-keyhole\"><\/i><\/div>\n<\/div>\n<div class=\"iconbox-content\">\n<h4><a href=\"#\">Paiement s\u00e9curis\u00e9<\/a><\/h4>\n<p> Ceci est un texte d\u2019exemple pour pr\u00e9senter bri\u00e8vement la fonctionnalit\u00e9 ou l\u2019avantage associ\u00e9. <\/p>\n<\/div>\n<\/div>\n<\/div>\n<div class=\"col-3 tab-col-6 \">\n<div class=\"iconbox style2 wow zoomIn\" data-wow-duration=\"2s\">\n<div class=\"iconbox-icon\">\n<div class=\"iconbox-icon-inner\"><i class=\"fa-thin fa-sack-dollar\"><\/i><\/div>\n<\/div>\n<div class=\"iconbox-content\">\n<h4><a href=\"#\">Meilleur prix garanti<\/a><\/h4>\n<p> Ceci est un texte d\u2019exemple pour pr\u00e9senter bri\u00e8vement la fonctionnalit\u00e9 ou l\u2019avantage associ\u00e9. <\/p>\n<\/div>\n<\/div>\n<\/div>\n<div class=\"col-3 tab-col-6 \">\n<div class=\"iconbox style2 wow zoomIn\" data-wow-duration=\"2s\">\n<div class=\"iconbox-icon\">\n<div class=\"iconbox-icon-inner\"><i class=\"fa-thin fa-truck-fast\"><\/i><\/div>\n<\/div>\n<div class=\"iconbox-content\">\n<h4><a href=\"#\">Livraison gratuite<\/a><\/h4>\n<p> Ceci est un texte d\u2019exemple pour pr\u00e9senter bri\u00e8vement la fonctionnalit\u00e9 ou l\u2019avantage associ\u00e9. <\/p>\n<\/div>\n<\/div>\n<\/div>\n<div class=\"col-3 tab-col-6 \">\n<div class=\"iconbox style2 wow zoomIn\" data-wow-duration=\"2s\">\n<div class=\"iconbox-icon\">\n<div class=\"iconbox-icon-inner\"><i class=\"fa-thin fa-rotate-left\"><\/i><\/div>\n<\/div>\n<div class=\"iconbox-content\">\n<h4><a href=\"#\">Retours faciles<\/a><\/h4>\n<p> Ceci est un texte d\u2019exemple pour pr\u00e9senter bri\u00e8vement la fonctionnalit\u00e9 ou l\u2019avantage associ\u00e9. <\/p>\n<\/div>\n<\/div>\n<\/div>\n<\/div><br \/>\n\\n<br \/>\n\\n<div class=\"hr\"><\/div><br \/>\n\\n<br \/>\n\\n<\/p>\n<h2>Bloc ic\u00f4ne style 3<\/h2>\n<p>\\n<div class=\"flex-element row flex-wrap \"><div class=\"col-3 tab-col-6 \">\n<div class=\"iconbox style3 wow zoomIn\" data-wow-duration=\"2s\">\n<div class=\"iconbox-icon\">\n<div class=\"iconbox-icon-inner\"><i class=\"fa-thin fa-lock-keyhole\"><\/i><\/div>\n<\/div>\n<div class=\"iconbox-content\">\n<h4>Paiement s\u00e9curis\u00e9<\/h4>\n<p> Ceci est un texte d\u2019exemple pour pr\u00e9senter bri\u00e8vement la fonctionnalit\u00e9 ou l\u2019avantage associ\u00e9. <\/p>\n<div class=\"icon-more\"><a href=\"#\"><i class=\"fa-solid fa-angles-right\"><\/i><\/a><\/div>\n<\/div>\n<\/div>\n<\/div>\n<div class=\"col-3 tab-col-6 \">\n<div class=\"iconbox style3 wow zoomIn\" data-wow-duration=\"2s\">\n<div class=\"iconbox-icon\">\n<div class=\"iconbox-icon-inner\"><i class=\"fa-thin fa-sack-dollar\"><\/i><\/div>\n<\/div>\n<div class=\"iconbox-content\">\n<h4>Meilleur prix garanti<\/h4>\n<p> Ceci est un texte d\u2019exemple pour pr\u00e9senter bri\u00e8vement la fonctionnalit\u00e9 ou l\u2019avantage associ\u00e9. <\/p>\n<div class=\"icon-more\"><a href=\"#\"><i class=\"fa-solid fa-angles-right\"><\/i><\/a><\/div>\n<\/div>\n<\/div>\n<\/div>\n<div class=\"col-3 tab-col-6 \">\n<div class=\"iconbox style3 wow zoomIn\" data-wow-duration=\"2s\">\n<div class=\"iconbox-icon\">\n<div class=\"iconbox-icon-inner\"><i class=\"fa-thin fa-truck-fast\"><\/i><\/div>\n<\/div>\n<div class=\"iconbox-content\">\n<h4>Livraison gratuite<\/h4>\n<p> Ceci est un texte d\u2019exemple pour pr\u00e9senter bri\u00e8vement la fonctionnalit\u00e9 ou l\u2019avantage associ\u00e9. <\/p>\n<div class=\"icon-more\"><a href=\"#\"><i class=\"fa-solid fa-angles-right\"><\/i><\/a><\/div>\n<\/div>\n<\/div>\n<\/div>\n<div class=\"col-3 tab-col-6 \">\n<div class=\"iconbox style3 wow zoomIn\" data-wow-duration=\"2s\">\n<div class=\"iconbox-icon\">\n<div class=\"iconbox-icon-inner\"><i class=\"fa-thin fa-rotate-left\"><\/i><\/div>\n<\/div>\n<div class=\"iconbox-content\">\n<h4>Retours faciles<\/h4>\n<p> Ceci est un texte d\u2019exemple pour pr\u00e9senter bri\u00e8vement la fonctionnalit\u00e9 ou l\u2019avantage associ\u00e9. <\/p>\n<div class=\"icon-more\"><a href=\"#\"><i class=\"fa-solid fa-angles-right\"><\/i><\/a><\/div>\n<\/div>\n<\/div>\n<\/div>\n<\/div><br \/>\n\\n<br \/>\n\\n<div class=\"hr\"><\/div><br \/>\n\\n<\/p>\n<h2>Bloc ic\u00f4ne style 4<\/h2>\n<p>\\n<div class=\"flex-element row flex-wrap \"><div class=\"col-3 tab-col-6 \">\n<div class=\"iconbox style4 wow zoomIn\" data-wow-duration=\"2s\">\n<div class=\"iconbox-icon\">\n<div class=\"iconbox-icon-inner\"><i class=\"fa-thin fa-lock-keyhole\"><\/i><\/div>\n<\/div>\n<div class=\"iconbox-content\">\n<h4>Paiement s\u00e9curis\u00e9<\/h4>\n<p> Ceci est un texte d\u2019exemple pour pr\u00e9senter bri\u00e8vement la fonctionnalit\u00e9 ou l\u2019avantage associ\u00e9. <\/p>\n<div class=\"icon-more\"><a href=\"#\"><i class=\"fa-solid fa-angles-right\"><\/i><\/a><\/div>\n<\/div>\n<\/div>\n<\/div>\n<div class=\"col-3 tab-col-6 \">\n<div class=\"iconbox style4 wow zoomIn\" data-wow-duration=\"2s\">\n<div class=\"iconbox-icon\">\n<div class=\"iconbox-icon-inner\"><i class=\"fa-thin fa-sack-dollar\"><\/i><\/div>\n<\/div>\n<div class=\"iconbox-content\">\n<h4>Meilleur prix garanti<\/h4>\n<p> Ceci est un texte d\u2019exemple pour pr\u00e9senter bri\u00e8vement la fonctionnalit\u00e9 ou l\u2019avantage associ\u00e9. <\/p>\n<div class=\"icon-more\"><a href=\"#\"><i class=\"fa-solid fa-angles-right\"><\/i><\/a><\/div>\n<\/div>\n<\/div>\n<\/div>\n<div class=\"col-3 tab-col-6 \">\n<div class=\"iconbox style4 wow zoomIn\" data-wow-duration=\"2s\">\n<div class=\"iconbox-icon\">\n<div class=\"iconbox-icon-inner\"><i class=\"fa-thin fa-truck-fast\"><\/i><\/div>\n<\/div>\n<div class=\"iconbox-content\">\n<h4>Livraison gratuite<\/h4>\n<p> Ceci est un texte d\u2019exemple pour pr\u00e9senter bri\u00e8vement la fonctionnalit\u00e9 ou l\u2019avantage associ\u00e9. <\/p>\n<div class=\"icon-more\"><a href=\"#\"><i class=\"fa-solid fa-angles-right\"><\/i><\/a><\/div>\n<\/div>\n<\/div>\n<\/div>\n<div class=\"col-3 tab-col-6 \">\n<div class=\"iconbox style4 wow zoomIn\" data-wow-duration=\"2s\">\n<div class=\"iconbox-icon\">\n<div class=\"iconbox-icon-inner\"><i class=\"fa-thin fa-rotate-left\"><\/i><\/div>\n<\/div>\n<div class=\"iconbox-content\">\n<h4>Retours faciles<\/h4>\n<p> Ceci est un texte d\u2019exemple pour pr\u00e9senter bri\u00e8vement la fonctionnalit\u00e9 ou l\u2019avantage associ\u00e9. <\/p>\n<div class=\"icon-more\"><a href=\"#\"><i class=\"fa-solid fa-angles-right\"><\/i><\/a><\/div>\n<\/div>\n<\/div>\n<\/div>\n<\/div><br \/>\n\\n<br \/>\n\\n<div class=\"hr\"><\/div><br \/>\n\\n<\/p>\n<h2>Bloc ic\u00f4ne style 5<\/h2>\n<p>\\n<div class=\"flex-element row flex-wrap \"><div class=\"col-3 tab-col-6 \">\n<div class=\"iconbox style5 wow zoomIn\" data-wow-duration=\"2s\">\n<div class=\"iconbox-icon\">\n<div class=\"iconbox-icon-inner\"><i class=\"fa-thin fa-lock-keyhole\"><\/i><\/div>\n<\/div>\n<div class=\"iconbox-content\">\n<h4>Paiement s\u00e9curis\u00e9<\/h4>\n<p> Ceci est un texte d\u2019exemple pour pr\u00e9senter bri\u00e8vement la fonctionnalit\u00e9 ou l\u2019avantage associ\u00e9. <\/p>\n<div class=\"icon-more\"><a href=\"#\"><i class=\"fa-solid fa-angles-right\"><\/i><\/a><\/div>\n<\/div>\n<\/div>\n<\/div>\n<div class=\"col-3 tab-col-6 \">\n<div class=\"iconbox style5 wow zoomIn\" data-wow-duration=\"2s\">\n<div class=\"iconbox-icon\">\n<div class=\"iconbox-icon-inner\"><i class=\"fa-thin fa-sack-dollar\"><\/i><\/div>\n<\/div>\n<div class=\"iconbox-content\">\n<h4>Meilleur prix garanti<\/h4>\n<p> Ceci est un texte d\u2019exemple pour pr\u00e9senter bri\u00e8vement la fonctionnalit\u00e9 ou l\u2019avantage associ\u00e9. <\/p>\n<div class=\"icon-more\"><a href=\"#\"><i class=\"fa-solid fa-angles-right\"><\/i><\/a><\/div>\n<\/div>\n<\/div>\n<\/div>\n<div class=\"col-3 tab-col-6 \">\n<div class=\"iconbox style5 wow zoomIn\" data-wow-duration=\"2s\">\n<div class=\"iconbox-icon\">\n<div class=\"iconbox-icon-inner\"><i class=\"fa-thin fa-truck-fast\"><\/i><\/div>\n<\/div>\n<div class=\"iconbox-content\">\n<h4>Livraison gratuite<\/h4>\n<p> Ceci est un texte d\u2019exemple pour pr\u00e9senter bri\u00e8vement la fonctionnalit\u00e9 ou l\u2019avantage associ\u00e9. <\/p>\n<div class=\"icon-more\"><a href=\"#\"><i class=\"fa-solid fa-angles-right\"><\/i><\/a><\/div>\n<\/div>\n<\/div>\n<\/div>\n<div class=\"col-3 tab-col-6 \">\n<div class=\"iconbox style5 wow zoomIn\" data-wow-duration=\"2s\">\n<div class=\"iconbox-icon\">\n<div class=\"iconbox-icon-inner\"><i class=\"fa-thin fa-rotate-left\"><\/i><\/div>\n<\/div>\n<div class=\"iconbox-content\">\n<h4>Retours faciles<\/h4>\n<p> Ceci est un texte d\u2019exemple pour pr\u00e9senter bri\u00e8vement la fonctionnalit\u00e9 ou l\u2019avantage associ\u00e9. <\/p>\n<div class=\"icon-more\"><a href=\"#\"><i class=\"fa-solid fa-angles-right\"><\/i><\/a><\/div>\n<\/div>\n<\/div>\n<\/div>\n<\/div><br \/>\n\\n<br \/>\n\\n<\/p>\n<pre><strong>Shortcode:<\/strong>[<code>row<\/code>][<code>column col=\"4\"<\/code>][<code>iconbox icon=\"user-graduate\" icon_style=\"thin\" title=\"Our Philosophy\" layout=\"style1\/style2\/style3\/style4\/style5\" link=\"#\"<\/code>] Nam quam enim, ultricies id convallis blandit, varius nec dui. Integer vel sem egestas, aliquam ante eget, vulputate neque. [<code>\/iconbox<\/code>][<code>\/column<\/code>][<code>column col=\"4\"<\/code>][<code>iconbox icon=\"person-circle-check\" icon_style=\"thin\" title=\"Our Vision\" layout=\"style1\/style2\/style3\/style4\/style5\"<\/code>] Nam quam enim, ultricies id convallis blandit, varius nec dui. Integer vel sem egestas, aliquam ante eget, vulputate neque. [<code>\/iconbox<\/code>][<code>\/column<\/code>][<code>column col=\"4\"<\/code>][<code>iconbox icon=\"user-graduate\" icon_style=\"thin\" title=\"Our Mission\" layout=\"style1\/style2\/style3\/style4\/style5\"<\/code>] Nam quam enim, ultricies id convallis blandit, varius nec dui. Integer vel sem egestas, aliquam ante eget, vulputate neque. [<code>\/iconbox<\/code>][<code>\/column<\/code>][<code>\/row<\/code>]<\/pre>\n<p>\\n<br \/>\n\\n<\/p>\n<h4>Remarque : vous pouvez ajuster le nombre de colonnes selon vos besoins. Pour 2 colonnes, d\u00e9finissez \u00ab col \u00bb sur 6 ; pour 3 colonnes, sur 4 ; pour 4 colonnes, sur 3.<\/h4>\n","protected":false},"excerpt":{"rendered":"<p>Bloc ic\u00f4ne style 1 \\n \\n \\n \\n \\n Bloc ic\u00f4ne style 2 \\n \\n \\n \\n \\n Bloc ic\u00f4ne style 3 \\n \\n \\n \\n B&#8230; <\/p>\n","protected":false},"author":1,"featured_media":0,"parent":0,"menu_order":0,"comment_status":"closed","ping_status":"closed","template":"page-templates\/template-full-width.php","meta":{"footnotes":""},"class_list":["post-995","page","type-page","status-publish","hentry"],"_links":{"self":[{"href":"https:\/\/cndentalhospital.com\/index.php?rest_route=\/wp\/v2\/pages\/995","targetHints":{"allow":["GET"]}}],"collection":[{"href":"https:\/\/cndentalhospital.com\/index.php?rest_route=\/wp\/v2\/pages"}],"about":[{"href":"https:\/\/cndentalhospital.com\/index.php?rest_route=\/wp\/v2\/types\/page"}],"author":[{"embeddable":true,"href":"https:\/\/cndentalhospital.com\/index.php?rest_route=\/wp\/v2\/users\/1"}],"replies":[{"embeddable":true,"href":"https:\/\/cndentalhospital.com\/index.php?rest_route=%2Fwp%2Fv2%2Fcomments&post=995"}],"version-history":[{"count":0,"href":"https:\/\/cndentalhospital.com\/index.php?rest_route=\/wp\/v2\/pages\/995\/revisions"}],"wp:attachment":[{"href":"https:\/\/cndentalhospital.com\/index.php?rest_route=%2Fwp%2Fv2%2Fmedia&parent=995"}],"curies":[{"name":"wp","href":"https:\/\/api.w.org\/{rel}","templated":true}]}}