{"id":583,"date":"2024-08-08T10:18:59","date_gmt":"2024-08-08T10:18:59","guid":{"rendered":"http:\/\/dental-hospital.test\/?p=583"},"modified":"2024-08-08T10:18:59","modified_gmt":"2024-08-08T10:18:59","slug":"faq-es","status":"publish","type":"page","link":"https:\/\/cndentalhospital.com\/?page_id=583&lang=es","title":{"rendered":"Preguntas frecuentes"},"content":{"rendered":"<section class=\"section-content \" style=\" background-color:#f8f8f8;\">\r\n\t\t\t\t<div class=\"container\">\r\n\t\t\t\t\t<div class=\"wow fadeIn\" data-wow-duration=\"3s\">\r\n\t\t\t\t\t\t<div class=\"section_head\">\r\n\t\t\t<h4 class=\"section_sub_title\"><span>Frequently Asked Questions<\/span><\/h4>\r\n\t\t\t<h2 class=\"section_title\">Get Every Single Answer There If You Want<span><\/span><\/h2>\r\n\t\t\t<p><\/p>\r\n\t\t<\/div><!-- section head -->\r\n\t\t\t\t\t\t<div class=\"flex-element row flex-wrap \"><p><\/p>\n<div class=\"col-6 tab-xol-12 \">\n<div class=\"customtab\">\n<div class=\"accordion-box\">\n<h2>01. \u00bfQu\u00e9 servicios ofrece la cl\u00ednica?<\/h2>\n<div class=\"acc-content\">\n<p>Aenean molestie nisi vitae neque sagittis, at ornare erat suscipit. Sed id odio in augue efficiencytur posuere dapibus at leo. Vestibulum sed arcu mauris. Sed en turpis en purus fringilla imperdiet.<\/p>\n<\/div>\n<div class=\"clear\"><\/div>\n<\/div>\n<div class=\"accordion-box\">\n<h2>02. \u00bfC\u00f3mo programo una cita?<\/h2>\n<div class=\"acc-content\">\n<p>Aenean molestie nisi vitae neque sagittis, at ornare erat suscipit. Sed id odio in augue efficiencytur posuere dapibus at leo. Vestibulum sed arcu mauris. Sed en turpis en purus fringilla imperdiet.<\/p>\n<\/div>\n<div class=\"clear\"><\/div>\n<\/div>\n<div class=\"accordion-box\">\n<h2>03. \u00bfCu\u00e1les son los horarios de atenci\u00f3n de la cl\u00ednica?<\/h2>\n<div class=\"acc-content\">\n<p>Aenean molestie nisi vitae neque sagittis, at ornare erat suscipit. Sed id odio in augue efficiencytur posuere dapibus at leo. Vestibulum sed arcu mauris. Sed en turpis en purus fringilla imperdiet.<\/p>\n<\/div>\n<div class=\"clear\"><\/div>\n<\/div>\n<div class=\"accordion-box\">\n<h2>04. \u00bfAceptan pacientes sin cita previa?<\/h2>\n<div class=\"acc-content\">\n<p>Aenean molestie nisi vitae neque sagittis, at ornare erat suscipit. Sed id odio in augue efficiencytur posuere dapibus at leo. Vestibulum sed arcu mauris. Sed en turpis en purus fringilla imperdiet.<\/p>\n<\/div>\n<div class=\"clear\"><\/div>\n<\/div>\n<div class=\"accordion-box\">\n<h2>05. \u00bfQu\u00e9 debo llevar a mi cita?<\/h2>\n<div class=\"acc-content\">\n<p>Aenean molestie nisi vitae neque sagittis, at ornare erat suscipit. Sed id odio in augue efficiencytur posuere dapibus at leo. Vestibulum sed arcu mauris. Sed en turpis en purus fringilla imperdiet.<\/p>\n<\/div>\n<div class=\"clear\"><\/div>\n<\/div>\n<div class=\"accordion-box\">\n<h2>06. \u00bfAceptan seguro?<\/h2>\n<div class=\"acc-content\">\n<p>Aenean molestie nisi vitae neque sagittis, at ornare erat suscipit. Sed id odio in augue efficiencytur posuere dapibus at leo. Vestibulum sed arcu mauris. Sed en turpis en purus fringilla imperdiet.<\/p>\n<\/div>\n<div class=\"clear\"><\/div>\n<\/div>\n<div class=\"clear\"><\/div>\n<\/div>\n<\/div>\n<p><\/p>\n<div class=\"col-6 tab-xol-12 \">\n<div class=\"customtab\">\n<div class=\"accordion-box\">\n<h2>07. \u00bfQu\u00e9 pasa si no tengo seguro?<\/h2>\n<div class=\"acc-content\">\n<p>Aenean molestie nisi vitae neque sagittis, at ornare erat suscipit. Sed id odio in augue efficiencytur posuere dapibus at leo. Vestibulum sed arcu mauris. Sed en turpis en purus fringilla imperdiet.<\/p>\n<\/div>\n<div class=\"clear\"><\/div>\n<\/div>\n<div class=\"accordion-box\">\n<h2>08. \u00bfQu\u00e9 medidas de seguridad existen para la COVID-19?<\/h2>\n<div class=\"acc-content\">\n<p>Aenean molestie nisi vitae neque sagittis, at ornare erat suscipit. Sed id odio in augue efficiencytur posuere dapibus at leo. Vestibulum sed arcu mauris. Sed en turpis en purus fringilla imperdiet.<\/p>\n<\/div>\n<div class=\"clear\"><\/div>\n<\/div>\n<div class=\"accordion-box\">\n<h2>09. \u00bfCu\u00e1nto dura el tiempo medio de espera para las citas?<\/h2>\n<div class=\"acc-content\">\n<p>Aenean molestie nisi vitae neque sagittis, at ornare erat suscipit. Sed id odio in augue efficiencytur posuere dapibus at leo. Vestibulum sed arcu mauris. Sed en turpis en purus fringilla imperdiet.<\/p>\n<\/div>\n<div class=\"clear\"><\/div>\n<\/div>\n<div class=\"accordion-box\">\n<h2>10. \u00bfPuedo solicitar resurtidos de recetas o resultados de pruebas en l\u00ednea?<\/h2>\n<div class=\"acc-content\">\n<p>Aenean molestie nisi vitae neque sagittis, at ornare erat suscipit. Sed id odio in augue efficiencytur posuere dapibus at leo. Vestibulum sed arcu mauris. Sed en turpis en purus fringilla imperdiet.<\/p>\n<\/div>\n<div class=\"clear\"><\/div>\n<\/div>\n<div class=\"accordion-box\">\n<h2>11. \u00bfHay estacionamiento disponible en la cl\u00ednica?<\/h2>\n<div class=\"acc-content\">\n<p>Aenean molestie nisi vitae neque sagittis, at ornare erat suscipit. Sed id odio in augue efficiencytur posuere dapibus at leo. Vestibulum sed arcu mauris. Sed en turpis en purus fringilla imperdiet.<\/p>\n<\/div>\n<div class=\"clear\"><\/div>\n<\/div>\n<div class=\"accordion-box\">\n<h2>12. \u00bfPodemos obtener servicio dental regular?<\/h2>\n<div class=\"acc-content\">\n<p>Aenean molestie nisi vitae neque sagittis, at ornare erat suscipit. Sed id odio in augue efficiencytur posuere dapibus at leo. Vestibulum sed arcu mauris. Sed en turpis en purus fringilla imperdiet.<\/p>\n<\/div>\n<div class=\"clear\"><\/div>\n<\/div>\n<div class=\"clear\"><\/div>\n<\/div>\n<\/div>\n<p><\/p>\n<\/div>\n\r\n\t\t\t\t\t<\/div><!-- animation class -->\r\n\t\t\t\t<\/div><!-- container class -->\t\t\t\t\t\t\t\t\r\n\t\t\t<\/section><!-- section -->\n<section class=\"section-content \" style=\" \">\r\n\t\t\t\t<div class=\"container\">\r\n\t\t\t\t\t<div class=\"wow fadeIn\" data-wow-duration=\"3s\">\r\n\t\t\t\t\t\t<div class=\"section_head\">\r\n\t\t\t\r\n\t\t\t<h2 class=\"section_title\">Have Any Other Question?<span><\/span><\/h2>\r\n\t\t\t<p><\/p>\r\n\t\t<\/div><!-- section head -->\r\n\t\t\t\t\t\t<div class=\"col-8 mr-auto ml-auto\"><div class=\"wpcf7 no-js\" id=\"wpcf7-f184-o1\" lang=\"en-US\" dir=\"ltr\" data-wpcf7-id=\"184\">\n<div class=\"screen-reader-response\">\n<p role=\"status\" aria-live=\"polite\" aria-atomic=\"true\">\n<ul><\/ul>\n<\/div>\n<form action=\"\/index.php?rest_route=%2Fwp%2Fv2%2Fpages%2F583#wpcf7-f184-o1\" method=\"post\" class=\"wpcf7-form init\" aria-label=\"Contact form\" novalidate=\"novalidate\" data-status=\"init\">\n<fieldset class=\"hidden-fields-container\"><input type=\"hidden\" name=\"_wpcf7\" value=\"184\" \/><input type=\"hidden\" name=\"_wpcf7_version\" value=\"6.1.5\" \/><input type=\"hidden\" name=\"_wpcf7_locale\" value=\"en_US\" \/><input type=\"hidden\" name=\"_wpcf7_unit_tag\" value=\"wpcf7-f184-o1\" \/><input type=\"hidden\" name=\"_wpcf7_container_post\" value=\"0\" \/><input type=\"hidden\" name=\"_wpcf7_posted_data_hash\" value=\"\" \/><br \/>\n<\/fieldset>\n<div class=\"form-group half\">\n<p><span class=\"wpcf7-form-control-wrap\" data-name=\"yname\"><input size=\"40\" maxlength=\"400\" class=\"wpcf7-form-control wpcf7-text wpcf7-validates-as-required\" aria-required=\"true\" aria-invalid=\"false\" placeholder=\"Your Name\" value=\"\" type=\"text\" name=\"yname\" \/><\/span>\n\t<\/p>\n<\/div>\n<div class=\"form-group half last\">\n<p><span class=\"wpcf7-form-control-wrap\" data-name=\"email\"><input size=\"40\" maxlength=\"400\" class=\"wpcf7-form-control wpcf7-email wpcf7-validates-as-required wpcf7-text wpcf7-validates-as-email\" aria-required=\"true\" aria-invalid=\"false\" placeholder=\"Your Email\" value=\"\" type=\"email\" name=\"email\" \/><\/span>\n\t<\/p>\n<\/div>\n<div class=\"clear\">\n<\/div>\n<div class=\"form-group\">\n<p><span class=\"wpcf7-form-control-wrap\" data-name=\"textarea-818\"><textarea cols=\"40\" rows=\"10\" maxlength=\"2000\" class=\"wpcf7-form-control wpcf7-textarea\" aria-invalid=\"false\" placeholder=\"Your Message\" name=\"textarea-818\"><\/textarea><\/span>\n\t<\/p>\n<\/div>\n<div class=\"form-group\">\n<p><input class=\"wpcf7-form-control wpcf7-submit has-spinner\" type=\"submit\" value=\"Send Question\" \/>\n\t<\/p>\n<\/div>\n<div class=\"wpcf7-response-output\" aria-hidden=\"true\"><\/div>\n<\/form>\n<\/div>\n<\/div>\n\r\n\t\t\t\t\t<\/div><!-- animation class -->\r\n\t\t\t\t<\/div><!-- container class -->\t\t\t\t\t\t\t\t\r\n\t\t\t<\/section><!-- section -->\n","protected":false},"excerpt":{"rendered":"","protected":false},"author":1,"featured_media":0,"parent":0,"menu_order":0,"comment_status":"closed","ping_status":"closed","template":"page-templates\/template-full-screen.php","meta":{"footnotes":""},"class_list":["post-583","page","type-page","status-publish","hentry"],"_links":{"self":[{"href":"https:\/\/cndentalhospital.com\/index.php?rest_route=\/wp\/v2\/pages\/583","targetHints":{"allow":["GET"]}}],"collection":[{"href":"https:\/\/cndentalhospital.com\/index.php?rest_route=\/wp\/v2\/pages"}],"about":[{"href":"https:\/\/cndentalhospital.com\/index.php?rest_route=\/wp\/v2\/types\/page"}],"author":[{"embeddable":true,"href":"https:\/\/cndentalhospital.com\/index.php?rest_route=\/wp\/v2\/users\/1"}],"replies":[{"embeddable":true,"href":"https:\/\/cndentalhospital.com\/index.php?rest_route=%2Fwp%2Fv2%2Fcomments&post=583"}],"version-history":[{"count":0,"href":"https:\/\/cndentalhospital.com\/index.php?rest_route=\/wp\/v2\/pages\/583\/revisions"}],"wp:attachment":[{"href":"https:\/\/cndentalhospital.com\/index.php?rest_route=%2Fwp%2Fv2%2Fmedia&parent=583"}],"curies":[{"name":"wp","href":"https:\/\/api.w.org\/{rel}","templated":true}]}}