{"id":2218,"date":"2026-04-29T19:05:56","date_gmt":"2026-04-29T11:05:56","guid":{"rendered":"https:\/\/cndentalhospital.com\/?page_id=2218"},"modified":"2026-04-29T19:05:56","modified_gmt":"2026-04-29T11:05:56","slug":"comfort-sedation-fr","status":"publish","type":"page","link":"https:\/\/cndentalhospital.com\/?page_id=2218&lang=fr","title":{"rendered":"S\u00e9dation confortable"},"content":{"rendered":"<section class=\"section-content \" style=\" \">\r\n\t\t\t\t<div class=\"container\">\r\n\t\t\t\t\t<div class=\"wow fadeIn\" data-wow-duration=\"3s\">\r\n\t\t\t\t\t\t<div class=\"section_head\">\r\n\t\t\t\r\n\t\t\t<h2 class=\"section_title\">S\u00e9dation confortable<span><\/span><\/h2>\r\n\t\t\t<p><\/p>\r\n\t\t<\/div><!-- section head -->\r\n\t\t\t\t\t\t<p>\n<div style=\"height:100px\"><\/div><br \/>\n<div class=\"introduction-box\"><div class=\"flex-element flex-wrap align-flex-vert row\"><div class=\"col-6\"><div class=\"about_fig wow zoomIn\" data-wow-duration=\"2s\"><img decoding=\"async\" src=\"https:\/\/flydemos.net\/toothwise\/wp-content\/uploads\/2024\/09\/gallery10.jpg\" alt=\"\"><\/div><\/div><!-- about_fig --><div class=\"about_content col-6\"><div class=\"inner_about_content wow zoomIn\" data-wow-duration=\"2s\"><div class=\"section_head\"><h2 class=\"section_title\">Qu\u2019est-ce que la dentisterie sous s\u00e9dation confortable ?<\/h2><\/div><p><p>\nLes soins dentaires ne sont plus une souffrance, mais une exp\u00e9rience confortable r\u00e9serv\u00e9e aux clients haut de gamme ; notre service dentaire confortable complet est con\u00e7u pour une client\u00e8le exigeante.<br \/>\nLa s\u00e9dation au protoxyde d\u2019azote est douce et vous garde \u00e9veill\u00e9 et confortable pendant les soins de base ; l\u2019anesth\u00e9sie intraveineuse agit bri\u00e8vement avec une r\u00e9cup\u00e9ration rapide, rendant les implantations complexes et les longues chirurgies indolores, comme pendant une sieste.<br \/>\nL\u2019anesth\u00e9sie g\u00e9n\u00e9rale convient aux clients tr\u00e8s phobiques des soins dentaires, permettant de r\u00e9aliser tous les traitements en une fois sous surveillance professionnelle et de transformer chaque visite en exp\u00e9rience confortable.<\/p>\n<\/p><div class=\"flex-element align-flex-vert mt-30\"><\/div><\/div><\/div><!-- about_content --><div class=\"clear\"><\/div><\/div><\/div><!-- introduction box --><br \/>\n<div style=\"height:10px\"><\/div><section class=\"section-content pt-80 pb-80\" style=\" \">\r\n\t\t\t\t<div class=\"container\">\r\n\t\t\t\t\t<div class=\"wow \" data-wow-duration=\"3s\">\r\n\t\t\t\t\t\t<div class=\"section_head\">\r\n\t\t\t\r\n\t\t\t<h2 class=\"section_title\">Quand la dentisterie sous s\u00e9dation est-elle n\u00e9cessaire ?<span><\/span><\/h2>\r\n\t\t\t<p><\/p>\r\n\t\t<\/div><!-- section head -->\r\n\t\t\t\t\t\t\r\n\t\t\t\t\t<\/div><!-- animation class -->\r\n\t\t\t\t<\/div><!-- container class -->\t\t\t\t\t\t\t\t\r\n\t\t\t<\/section><!-- section --><br \/>\n<div class=\"flex-element row flex-wrap \"><p><\/p>\n<div class=\"col-4 \">\n<div class=\"service-box wow zoomIn\" data-wow-duration=\"2s\">\n<div class=\"inner-service-box\">\n<div class=\"service-icon\">\n<div class=\"service-icon-wrap\"><img decoding=\"async\" src=\"https:\/\/cndentalhospital.com\/wp-content\/themes\/toothwise-pro\/images\/ser1.png\"><\/i><\/div>\n<\/div>\n<div class=\"service-content\">\n<h4>Peur<\/h4>\n<p>\nPhobie dentaire s\u00e9v\u00e8re et anxi\u00e9t\u00e9\n<\/p>\n<\/div>\n<\/div>\n<\/div>\n<\/div>\n<p><\/p>\n<div class=\"col-4 \">\n<div class=\"service-box wow zoomIn\" data-wow-duration=\"2s\">\n<div class=\"inner-service-box\">\n<div class=\"service-icon\">\n<div class=\"service-icon-wrap\"><img decoding=\"async\" src=\"https:\/\/cndentalhospital.com\/wp-content\/themes\/toothwise-pro\/images\/ser2.png\"><\/i><\/div>\n<\/div>\n<div class=\"service-content\">\n<h4>Faible tol\u00e9rance<\/h4>\n<p>\nOuverture buccale limit\u00e9e et faible tol\u00e9rance\n<\/p>\n<\/div>\n<\/div>\n<\/div>\n<\/div>\n<p><\/p>\n<div class=\"col-4 \">\n<div class=\"service-box wow zoomIn\" data-wow-duration=\"2s\">\n<div class=\"inner-service-box\">\n<div class=\"service-icon\">\n<div class=\"service-icon-wrap\"><img decoding=\"async\" src=\"https:\/\/cndentalhospital.com\/wp-content\/themes\/toothwise-pro\/images\/ser3.png\"><\/i><\/div>\n<\/div>\n<div class=\"service-content\">\n<h4>Sensible<\/h4>\n<p>\nR\u00e9flexe naus\u00e9eux sensible, naus\u00e9es faciles\n<\/p>\n<\/div>\n<\/div>\n<\/div>\n<\/div>\n<p><\/p>\n<\/div><br \/>\n<div class=\"flex-element row flex-wrap \"><p><\/p>\n<div class=\"col-4 \">\n<div class=\"service-box wow zoomIn\" data-wow-duration=\"2s\">\n<div class=\"inner-service-box\">\n<div class=\"service-icon\">\n<div class=\"service-icon-wrap\"><img decoding=\"async\" src=\"https:\/\/cndentalhospital.com\/wp-content\/themes\/toothwise-pro\/images\/ser4.png\"><\/i><\/div>\n<\/div>\n<div class=\"service-content\">\n<h4>Maladie<\/h4>\n<p>\nHypertension, maladie cardiaque et maladie chronique\n<\/p>\n<\/div>\n<\/div>\n<\/div>\n<\/div>\n<p><\/p>\n<div class=\"col-4 \">\n<div class=\"service-box wow zoomIn\" data-wow-duration=\"2s\">\n<div class=\"inner-service-box\">\n<div class=\"service-icon\">\n<div class=\"service-icon-wrap\"><img decoding=\"async\" src=\"https:\/\/cndentalhospital.com\/wp-content\/themes\/toothwise-pro\/images\/ser5.png\"><\/i><\/div>\n<\/div>\n<div class=\"service-content\">\n<h4>Complexe<\/h4>\n<p>\nTraitement long ou complexe de toute la bouche\n<\/p>\n<\/div>\n<\/div>\n<\/div>\n<\/div>\n<p><\/p>\n<div class=\"col-4 \">\n<div class=\"service-box wow zoomIn\" data-wow-duration=\"2s\">\n<div class=\"inner-service-box\">\n<div class=\"service-icon\">\n<div class=\"service-icon-wrap\"><img decoding=\"async\" src=\"https:\/\/cndentalhospital.com\/wp-content\/themes\/toothwise-pro\/images\/ser6.png\"><\/i><\/div>\n<\/div>\n<div class=\"service-content\">\n<h4>R\u00e9sistance<\/h4>\n<p>\nEnfants tr\u00e8s peu coop\u00e9ratifs\n<\/p>\n<\/div>\n<\/div>\n<\/div>\n<\/div>\n<p><\/p>\n<\/div><br \/>\n<div style=\"height:100px\"><\/div><br \/>\n<div class=\"introduction-box\"><div class=\"flex-element flex-wrap align-flex-vert row\"><div class=\"col-6\"><div class=\"about_fig wow zoomIn\" data-wow-duration=\"2s\"><img decoding=\"async\" src=\"https:\/\/flydemos.net\/toothwise\/wp-content\/uploads\/2024\/09\/gallery10.jpg\" alt=\"\"><\/div><\/div><!-- about_fig --><div class=\"about_content col-6\"><div class=\"inner_about_content wow zoomIn\" data-wow-duration=\"2s\"><div class=\"section_head\"><h2 class=\"section_title\">Pourquoi les clients haut de gamme pr\u00e9f\u00e8rent les soins dentaires confortables<\/h2><\/div><p><p><\/p>\n<ul class=\"list-1\">\n<li>1. Refuser la douleur, profiter d\u2019un confort premium<\/li>\n<p>La dentisterie traditionnelle peut provoquer douleurs et inconfort. La s\u00e9dation gradu\u00e9e assure un traitement indolore et relaxant.<\/p>\n<li>2. Haute efficacit\u00e9 et gain de temps<\/li>\n<p> Traitement en une seule \u00e9tape pour implants, restaurations et obturations, r\u00e9duisant les visites r\u00e9p\u00e9t\u00e9es.<\/p>\n<li>3. Soulager la peur et l\u2019anxi\u00e9t\u00e9 dentaires<\/li>\n<p>Une s\u00e9dation douce apaise la tension et \u00e9vite de retarder les soins bucco-dentaires.<\/p>\n<li>4. Id\u00e9al pour les proc\u00e9dures dentaires complexes<\/li>\n<p>Adapt\u00e9 \u00e0 la reconstruction compl\u00e8te, aux implants et aux longues chirurgies, avec confort stable et r\u00e9cup\u00e9ration rapide.<\/p>\n<li>5. R\u00e9cup\u00e9ration rapide et charge r\u00e9duite<\/li>\n<p>Anesth\u00e9sie l\u00e9g\u00e8re \u00e0 m\u00e9tabolisme rapide, sans impact sur le travail quotidien ni la vie sociale.<\/p>\n<\/ul>\n<p><\/p>\n<\/p><div class=\"flex-element align-flex-vert mt-30\"><\/div><\/div><\/div><!-- about_content --><div class=\"clear\"><\/div><\/div><\/div><!-- introduction box --><\/p>\n\r\n\t\t\t\t\t<\/div><!-- animation class -->\r\n\t\t\t\t<\/div><!-- container class -->\t\t\t\t\t\t\t\t\r\n\t\t\t<\/section><!-- section -->\n","protected":false},"excerpt":{"rendered":"","protected":false},"author":1,"featured_media":0,"parent":970,"menu_order":6,"comment_status":"closed","ping_status":"closed","template":"page-templates\/template-full-screen.php","meta":{"footnotes":""},"class_list":["post-2218","page","type-page","status-publish","hentry"],"_links":{"self":[{"href":"https:\/\/cndentalhospital.com\/index.php?rest_route=\/wp\/v2\/pages\/2218","targetHints":{"allow":["GET"]}}],"collection":[{"href":"https:\/\/cndentalhospital.com\/index.php?rest_route=\/wp\/v2\/pages"}],"about":[{"href":"https:\/\/cndentalhospital.com\/index.php?rest_route=\/wp\/v2\/types\/page"}],"author":[{"embeddable":true,"href":"https:\/\/cndentalhospital.com\/index.php?rest_route=\/wp\/v2\/users\/1"}],"replies":[{"embeddable":true,"href":"https:\/\/cndentalhospital.com\/index.php?rest_route=%2Fwp%2Fv2%2Fcomments&post=2218"}],"version-history":[{"count":0,"href":"https:\/\/cndentalhospital.com\/index.php?rest_route=\/wp\/v2\/pages\/2218\/revisions"}],"up":[{"embeddable":true,"href":"https:\/\/cndentalhospital.com\/index.php?rest_route=\/wp\/v2\/pages\/970"}],"wp:attachment":[{"href":"https:\/\/cndentalhospital.com\/index.php?rest_route=%2Fwp%2Fv2%2Fmedia&parent=2218"}],"curies":[{"name":"wp","href":"https:\/\/api.w.org\/{rel}","templated":true}]}}