{"id":2215,"date":"2026-04-29T19:05:55","date_gmt":"2026-04-29T11:05:55","guid":{"rendered":"https:\/\/cndentalhospital.com\/?page_id=2215"},"modified":"2026-04-29T19:05:55","modified_gmt":"2026-04-29T11:05:55","slug":"pediatric-dentistry-es","status":"publish","type":"page","link":"https:\/\/cndentalhospital.com\/?page_id=2215&lang=es","title":{"rendered":"Odontopediatr\u00eda"},"content":{"rendered":"<section class=\"section-content \" style=\" background-color:#f7f7f7;\">\r\n\t\t\t\t<div class=\"container\">\r\n\t\t\t\t\t<div class=\"wow fadeIn\" data-wow-duration=\"3s\">\r\n\t\t\t\t\t\t<div class=\"section_head\">\r\n\t\t\t<h4 class=\"section_sub_title\"><span>Odontopediatr\u00eda<\/span><\/h4>\r\n\t\t\t<h2 class=\"section_title\">Tratamiento integral para resolver varios problemas a la vez<span><\/span><\/h2>\r\n\t\t\t<p><\/p>\r\n\t\t<\/div><!-- section head -->\r\n\t\t\t\t\t\t<p>\n<div style=\"height:100px\"><\/div><br \/>\n<div class=\"introduction-box\"><div class=\"flex-element flex-wrap align-flex-vert row\"><div class=\"col-6\"><div class=\"about_fig wow zoomIn\" data-wow-duration=\"2s\"><img decoding=\"async\" src=\"https:\/\/flydemos.net\/toothwise\/wp-content\/uploads\/2024\/09\/gallery10.jpg\" alt=\"\"><\/div><\/div><!-- about_fig --><div class=\"about_content col-6\"><div class=\"inner_about_content wow zoomIn\" data-wow-duration=\"2s\"><div class=\"section_head\"><h2 class=\"section_title\">\u00bfQu\u00e9 es el tratamiento periodontal?<\/h2><\/div><p><p>\nNuestra odontopediatr\u00eda se dedica a proteger la salud oral infantil. Adoptamos sedaci\u00f3n calmante y c\u00f3moda para aliviar la ansiedad dental y eliminar el miedo al tratamiento. Realizamos una soluci\u00f3n centralizada en una sola visita para ahorrar desplazamientos repetidos. Todos los procedimientos se realizan con t\u00e9cnicas ultradelicadas para proteger el crecimiento dental y el desarrollo craneofacial. Tambi\u00e9n ofrecemos prevenci\u00f3n profesional de caries, correcci\u00f3n de malos h\u00e1bitos orales e intervenci\u00f3n ortod\u00f3ntica temprana, brindando una experiencia c\u00e1lida, segura y amigable para cada ni\u00f1o.<\/p>\n<h3>La odontopediatr\u00eda de nuestro hospital incluye:<\/h3>\n<ul class=\"list-1\">\n<li>Fluoraci\u00f3n de dientes de leche y sellado de fosas y fisuras<\/li>\n<li>Empastes de dientes temporales y restauraci\u00f3n con resina<\/li>\n<li>Tratamiento de conducto en dientes temporales<\/li>\n<li>Extracci\u00f3n de dientes retenidos y supernumerarios<\/li>\n<li>Odontolog\u00eda infantil c\u00f3moda e indolora<\/li>\n<\/ul>\n<p><\/p>\n<\/p><div class=\"flex-element align-flex-vert mt-30\"><\/div><\/div><\/div><!-- about_content --><div class=\"clear\"><\/div><\/div><\/div><!-- introduction box --><br \/>\n<div style=\"height:20px\"><\/div><\/p>\n<h3>Qu\u00e9 ni\u00f1os necesitan sedaci\u00f3n c\u00f3moda<\/h3>\n<p><div style=\"height:20px\"><\/div><br \/>\n<div class=\"flex-element row flex-wrap \"><p><\/p>\n<div class=\"col-3 \">\n<div class=\"iconbox style2 wow zoomIn\" data-wow-duration=\"2s\">\n<div class=\"iconbox-icon\">\n<div class=\"iconbox-icon-inner\"><i class=\"fa-thin fa-child\"><\/i><\/div>\n<\/div>\n<div class=\"iconbox-content\">\n<h4><a href=\"#\">Ansiedad dental<\/a><\/h4>\n<p>\nNi\u00f1os con miedo al tratamiento dental y poca cooperaci\u00f3n.\n<\/p>\n<\/div>\n<\/div>\n<\/div>\n<p><\/p>\n<div class=\"col-3 \">\n<div class=\"iconbox style2 wow zoomIn\" data-wow-duration=\"2s\">\n<div class=\"iconbox-icon\">\n<div class=\"iconbox-icon-inner\"><i class=\"fa-thin fa-tooth\"><\/i><\/div>\n<\/div>\n<div class=\"iconbox-content\">\n<h4><a href=\"#\">Necesidades orales complejas<\/a><\/h4>\n<p>\nNi\u00f1os que requieren varios tratamientos dentales en una sola vez.\n<\/p>\n<\/div>\n<\/div>\n<\/div>\n<p><\/p>\n<div class=\"col-3 \">\n<div class=\"iconbox style2 wow zoomIn\" data-wow-duration=\"2s\">\n<div class=\"iconbox-icon\">\n<div class=\"iconbox-icon-inner\"><i class=\"fa-thin fa-face-frown\"><\/i><\/div>\n<\/div>\n<div class=\"iconbox-content\">\n<h4><a href=\"#\">Alta sensibilidad<\/a><\/h4>\n<p>\nPacientes peque\u00f1os t\u00edmidos, sensibles y propensos a la ansiedad.\n<\/p>\n<\/div>\n<\/div>\n<\/div>\n<p><\/p>\n<div class=\"col-3 \">\n<div class=\"iconbox style2 wow zoomIn\" data-wow-duration=\"2s\">\n<div class=\"iconbox-icon\">\n<div class=\"iconbox-icon-inner\"><i class=\"fa-thin fa-user-clock\"><\/i><\/div>\n<\/div>\n<div class=\"iconbox-content\">\n<h4><a href=\"#\">Baja cooperaci\u00f3n<\/a><\/h4>\n<p>\nNi\u00f1os peque\u00f1os con bajo autocontrol y poca paciencia.\n<\/p>\n<\/div>\n<\/div>\n<\/div>\n<p><\/p>\n<\/div><br \/>\n<div style=\"height:100px\"><\/div><br \/>\n<div class=\"introduction-box right-side\"><div class=\"flex-element flex-wrap align-flex-vert row flex-reverse\"><div class=\"col-6\"><div class=\"about_fig wow zoomIn\" data-wow-duration=\"2s\"><img decoding=\"async\" src=\"https:\/\/flydemos.net\/toothwise\/wp-content\/uploads\/2024\/09\/gallery10.jpg\" alt=\"\"><\/div><\/div><!-- about_fig --><div class=\"about_content col-6\"><div class=\"inner_about_content wow zoomIn\" data-wow-duration=\"2s\"><div class=\"section_head\"><h2 class=\"section_title\">Tres pasos de odontolog\u00eda con sedaci\u00f3n c\u00f3moda para ni\u00f1os<\/h2><\/div><p><p><\/p>\n<ul class=\"list-1\">\n<li>Evaluaci\u00f3n de salud previa: revisi\u00f3n general 3 d\u00edas antes.<\/li>\n<li>Tratamiento el mismo d\u00eda: sedaci\u00f3n suave y tratamiento dental integral.<\/li>\n<li>Observaci\u00f3n posterior: monitoreo profesional para asegurar una recuperaci\u00f3n segura.<\/li>\n<\/ul>\n<p><\/p>\n<div style=\"height:20px\"><\/div>\n<p>\nTodo el proceso es estandarizado y eficiente. Con evaluaci\u00f3n previa, tratamiento integral y observaci\u00f3n en cl\u00ednica<\/p>\n<\/p><div class=\"flex-element align-flex-vert mt-30\"><\/div><\/div><\/div><!-- about_content --><div class=\"clear\"><\/div><\/div><\/div><!-- introduction box --><\/p>\n\r\n\t\t\t\t\t<\/div><!-- animation class -->\r\n\t\t\t\t<\/div><!-- container class -->\t\t\t\t\t\t\t\t\r\n\t\t\t<\/section><!-- section -->\n","protected":false},"excerpt":{"rendered":"","protected":false},"author":1,"featured_media":0,"parent":973,"menu_order":5,"comment_status":"closed","ping_status":"closed","template":"page-templates\/template-full-screen.php","meta":{"footnotes":""},"class_list":["post-2215","page","type-page","status-publish","hentry"],"_links":{"self":[{"href":"https:\/\/cndentalhospital.com\/index.php?rest_route=\/wp\/v2\/pages\/2215","targetHints":{"allow":["GET"]}}],"collection":[{"href":"https:\/\/cndentalhospital.com\/index.php?rest_route=\/wp\/v2\/pages"}],"about":[{"href":"https:\/\/cndentalhospital.com\/index.php?rest_route=\/wp\/v2\/types\/page"}],"author":[{"embeddable":true,"href":"https:\/\/cndentalhospital.com\/index.php?rest_route=\/wp\/v2\/users\/1"}],"replies":[{"embeddable":true,"href":"https:\/\/cndentalhospital.com\/index.php?rest_route=%2Fwp%2Fv2%2Fcomments&post=2215"}],"version-history":[{"count":0,"href":"https:\/\/cndentalhospital.com\/index.php?rest_route=\/wp\/v2\/pages\/2215\/revisions"}],"up":[{"embeddable":true,"href":"https:\/\/cndentalhospital.com\/index.php?rest_route=\/wp\/v2\/pages\/973"}],"wp:attachment":[{"href":"https:\/\/cndentalhospital.com\/index.php?rest_route=%2Fwp%2Fv2%2Fmedia&parent=2215"}],"curies":[{"name":"wp","href":"https:\/\/api.w.org\/{rel}","templated":true}]}}