{"id":2212,"date":"2026-04-29T19:05:55","date_gmt":"2026-04-29T11:05:55","guid":{"rendered":"https:\/\/cndentalhospital.com\/?page_id=2212"},"modified":"2026-04-29T19:05:55","modified_gmt":"2026-04-29T11:05:55","slug":"pediatric-dentistry-fr","status":"publish","type":"page","link":"https:\/\/cndentalhospital.com\/?page_id=2212&lang=fr","title":{"rendered":"Dentisterie p\u00e9diatrique"},"content":{"rendered":"<section class=\"section-content \" style=\" background-color:#f7f7f7;\">\r\n\t\t\t\t<div class=\"container\">\r\n\t\t\t\t\t<div class=\"wow fadeIn\" data-wow-duration=\"3s\">\r\n\t\t\t\t\t\t<div class=\"section_head\">\r\n\t\t\t<h4 class=\"section_sub_title\"><span>Dentisterie p\u00e9diatrique<\/span><\/h4>\r\n\t\t\t<h2 class=\"section_title\">Traitement en une seule \u00e9tape, plusieurs probl\u00e8mes r\u00e9solus \u00e0 la fois<span><\/span><\/h2>\r\n\t\t\t<p><\/p>\r\n\t\t<\/div><!-- section head -->\r\n\t\t\t\t\t\t<p>\n<div style=\"height:100px\"><\/div><br \/>\n<div class=\"introduction-box\"><div class=\"flex-element flex-wrap align-flex-vert row\"><div class=\"col-6\"><div class=\"about_fig wow zoomIn\" data-wow-duration=\"2s\"><img decoding=\"async\" src=\"https:\/\/flydemos.net\/toothwise\/wp-content\/uploads\/2024\/09\/gallery10.jpg\" alt=\"\"><\/div><\/div><!-- about_fig --><div class=\"about_content col-6\"><div class=\"inner_about_content wow zoomIn\" data-wow-duration=\"2s\"><div class=\"section_head\"><h2 class=\"section_title\">Qu\u2019est-ce qu\u2019un traitement parodontal ?<\/h2><\/div><p><p>\nNotre dentisterie p\u00e9diatrique prot\u00e8ge la sant\u00e9 bucco-dentaire des enfants. Nous utilisons une s\u00e9dation apaisante et confortable pour r\u00e9duire l\u2019anxi\u00e9t\u00e9 et la peur du traitement. Nous proposons une solution centralis\u00e9e en une seule visite afin d\u2019\u00e9viter les d\u00e9placements r\u00e9p\u00e9t\u00e9s. Toutes les proc\u00e9dures sont r\u00e9alis\u00e9es avec des techniques tr\u00e8s douces pour prot\u00e9ger la croissance dentaire et le d\u00e9veloppement craniofacial. Nous proposons \u00e9galement la pr\u00e9vention des caries, la correction des mauvaises habitudes orales et l\u2019intervention orthodontique pr\u00e9coce dans un environnement chaleureux, s\u00fbr et adapt\u00e9 aux enfants.<\/p>\n<h3>La dentisterie p\u00e9diatrique de notre h\u00f4pital comprend :<\/h3>\n<ul class=\"list-1\">\n<li>Fluoration des dents de lait et scellement des sillons<\/li>\n<li>Obturation des dents de lait et restauration en r\u00e9sine<\/li>\n<li>Traitement canalaire des dents de lait<\/li>\n<li>Extraction des dents retenues et surnum\u00e9raires<\/li>\n<li>Dentisterie p\u00e9diatrique confortable et indolore<\/li>\n<\/ul>\n<p><\/p>\n<\/p><div class=\"flex-element align-flex-vert mt-30\"><\/div><\/div><\/div><!-- about_content --><div class=\"clear\"><\/div><\/div><\/div><!-- introduction box --><br \/>\n<div style=\"height:20px\"><\/div><\/p>\n<h3>Quels enfants ont besoin d\u2019une s\u00e9dation confortable<\/h3>\n<p><div style=\"height:20px\"><\/div><br \/>\n<div class=\"flex-element row flex-wrap \"><p><\/p>\n<div class=\"col-3 \">\n<div class=\"iconbox style2 wow zoomIn\" data-wow-duration=\"2s\">\n<div class=\"iconbox-icon\">\n<div class=\"iconbox-icon-inner\"><i class=\"fa-thin fa-child\"><\/i><\/div>\n<\/div>\n<div class=\"iconbox-content\">\n<h4><a href=\"#\">Anxi\u00e9t\u00e9 dentaire<\/a><\/h4>\n<p>\nEnfants ayant peur des soins dentaires et coop\u00e9rant difficilement.\n<\/p>\n<\/div>\n<\/div>\n<\/div>\n<p><\/p>\n<div class=\"col-3 \">\n<div class=\"iconbox style2 wow zoomIn\" data-wow-duration=\"2s\">\n<div class=\"iconbox-icon\">\n<div class=\"iconbox-icon-inner\"><i class=\"fa-thin fa-tooth\"><\/i><\/div>\n<\/div>\n<div class=\"iconbox-content\">\n<h4><a href=\"#\">Besoins bucco-dentaires complexes<\/a><\/h4>\n<p>\nEnfants n\u00e9cessitant plusieurs traitements dentaires en une seule s\u00e9ance.\n<\/p>\n<\/div>\n<\/div>\n<\/div>\n<p><\/p>\n<div class=\"col-3 \">\n<div class=\"iconbox style2 wow zoomIn\" data-wow-duration=\"2s\">\n<div class=\"iconbox-icon\">\n<div class=\"iconbox-icon-inner\"><i class=\"fa-thin fa-face-frown\"><\/i><\/div>\n<\/div>\n<div class=\"iconbox-content\">\n<h4><a href=\"#\">Forte sensibilit\u00e9<\/a><\/h4>\n<p>\nJeunes patients timides, sensibles et sujets \u00e0 l\u2019anxi\u00e9t\u00e9.\n<\/p>\n<\/div>\n<\/div>\n<\/div>\n<p><\/p>\n<div class=\"col-3 \">\n<div class=\"iconbox style2 wow zoomIn\" data-wow-duration=\"2s\">\n<div class=\"iconbox-icon\">\n<div class=\"iconbox-icon-inner\"><i class=\"fa-thin fa-user-clock\"><\/i><\/div>\n<\/div>\n<div class=\"iconbox-content\">\n<h4><a href=\"#\">Faible coop\u00e9ration<\/a><\/h4>\n<p>\nJeunes enfants avec peu de ma\u00eetrise de soi et une patience limit\u00e9e.\n<\/p>\n<\/div>\n<\/div>\n<\/div>\n<p><\/p>\n<\/div><br \/>\n<div style=\"height:100px\"><\/div><br \/>\n<div class=\"introduction-box right-side\"><div class=\"flex-element flex-wrap align-flex-vert row flex-reverse\"><div class=\"col-6\"><div class=\"about_fig wow zoomIn\" data-wow-duration=\"2s\"><img decoding=\"async\" src=\"https:\/\/flydemos.net\/toothwise\/wp-content\/uploads\/2024\/09\/gallery10.jpg\" alt=\"\"><\/div><\/div><!-- about_fig --><div class=\"about_content col-6\"><div class=\"inner_about_content wow zoomIn\" data-wow-duration=\"2s\"><div class=\"section_head\"><h2 class=\"section_title\">Trois \u00e9tapes de la s\u00e9dation confortable pour enfants<\/h2><\/div><p><p><\/p>\n<ul class=\"list-1\">\n<li>Bilan de sant\u00e9 pr\u00e9alable : examen g\u00e9n\u00e9ral 3 jours \u00e0 l\u2019avance.<\/li>\n<li>Traitement le jour m\u00eame : s\u00e9dation douce et soins dentaires en une seule \u00e9tape.<\/li>\n<li>Observation apr\u00e8s traitement : surveillance professionnelle pour assurer une r\u00e9cup\u00e9ration s\u00fbre.<\/li>\n<\/ul>\n<p><\/p>\n<div style=\"height:20px\"><\/div>\n<p>\nL\u2019ensemble du processus est standardis\u00e9 et efficace. Avec un d\u00e9pistage pr\u00e9alable, un traitement en une seule \u00e9tape et une observation \u00e0 l\u2019h\u00f4pital<\/p>\n<\/p><div class=\"flex-element align-flex-vert mt-30\"><\/div><\/div><\/div><!-- about_content --><div class=\"clear\"><\/div><\/div><\/div><!-- introduction box --><\/p>\n\r\n\t\t\t\t\t<\/div><!-- animation class -->\r\n\t\t\t\t<\/div><!-- container class -->\t\t\t\t\t\t\t\t\r\n\t\t\t<\/section><!-- section -->\n","protected":false},"excerpt":{"rendered":"","protected":false},"author":1,"featured_media":0,"parent":970,"menu_order":5,"comment_status":"closed","ping_status":"closed","template":"page-templates\/template-full-screen.php","meta":{"footnotes":""},"class_list":["post-2212","page","type-page","status-publish","hentry"],"_links":{"self":[{"href":"https:\/\/cndentalhospital.com\/index.php?rest_route=\/wp\/v2\/pages\/2212","targetHints":{"allow":["GET"]}}],"collection":[{"href":"https:\/\/cndentalhospital.com\/index.php?rest_route=\/wp\/v2\/pages"}],"about":[{"href":"https:\/\/cndentalhospital.com\/index.php?rest_route=\/wp\/v2\/types\/page"}],"author":[{"embeddable":true,"href":"https:\/\/cndentalhospital.com\/index.php?rest_route=\/wp\/v2\/users\/1"}],"replies":[{"embeddable":true,"href":"https:\/\/cndentalhospital.com\/index.php?rest_route=%2Fwp%2Fv2%2Fcomments&post=2212"}],"version-history":[{"count":0,"href":"https:\/\/cndentalhospital.com\/index.php?rest_route=\/wp\/v2\/pages\/2212\/revisions"}],"up":[{"embeddable":true,"href":"https:\/\/cndentalhospital.com\/index.php?rest_route=\/wp\/v2\/pages\/970"}],"wp:attachment":[{"href":"https:\/\/cndentalhospital.com\/index.php?rest_route=%2Fwp%2Fv2%2Fmedia&parent=2212"}],"curies":[{"name":"wp","href":"https:\/\/api.w.org\/{rel}","templated":true}]}}