{"id":2209,"date":"2026-04-29T19:05:55","date_gmt":"2026-04-29T11:05:55","guid":{"rendered":"https:\/\/cndentalhospital.com\/?page_id=2209"},"modified":"2026-04-29T19:05:55","modified_gmt":"2026-04-29T11:05:55","slug":"periodontal-treatment-es","status":"publish","type":"page","link":"https:\/\/cndentalhospital.com\/?page_id=2209&lang=es","title":{"rendered":"Tratamiento periodontal"},"content":{"rendered":"<section class=\"section-content \" style=\" \">\r\n\t\t\t\t<div class=\"container\">\r\n\t\t\t\t\t<div class=\"wow fadeIn\" data-wow-duration=\"3s\">\r\n\t\t\t\t\t\t<div class=\"section_head\">\r\n\t\t\t\r\n\t\t\t<h2 class=\"section_title\">Tratamiento periodontal<span><\/span><\/h2>\r\n\t\t\t<p><\/p>\r\n\t\t<\/div><!-- section head -->\r\n\t\t\t\t\t\t<p>\n<div style=\"height:100px\"><\/div><br \/>\n<div class=\"introduction-box\"><div class=\"flex-element flex-wrap align-flex-vert row\"><div class=\"col-6\"><div class=\"about_fig wow zoomIn\" data-wow-duration=\"2s\"><img decoding=\"async\" src=\"https:\/\/flydemos.net\/toothwise\/wp-content\/uploads\/2024\/09\/gallery10.jpg\" alt=\"\"><\/div><\/div><!-- about_fig --><div class=\"about_content col-6\"><div class=\"inner_about_content wow zoomIn\" data-wow-duration=\"2s\"><div class=\"section_head\"><h2 class=\"section_title\">\u00bfQu\u00e9 es el tratamiento periodontal?<\/h2><\/div><p><p>\nEl tratamiento periodontal elimina el sarro y la placa mediante limpieza dental y alisado radicular para aliviar la inflamaci\u00f3n de las enc\u00edas. Ayuda a detener el sangrado y el mal aliento, estabilizar dientes flojos, proteger el hueso alveolar y prevenir la p\u00e9rdida dental temprana.<br \/>\nMantiene la boca sana a largo plazo y crea buenas condiciones para tratamientos posteriores como empastes e implantes dentales. El tratamiento periodontal b\u00e1sico se dirige a enc\u00edas rojas e hinchadas, sangrado, mal aliento y dientes flojos; elimina placa y sarro mediante raspado y curetaje subgingival, mejora el entorno periodontal, detiene el avance de la enfermedad y protege los tejidos. La esterilizaci\u00f3n periodontal con l\u00e1ser utiliza tecnolog\u00eda m\u00ednimamente invasiva para actuar con precisi\u00f3n en la parte profunda de la bolsa periodontal, eliminar bacterias pat\u00f3genas, lograr hemostasia r\u00e1pida, reducir el trauma y disminuir la recurrencia.<\/p>\n<\/p><div class=\"flex-element align-flex-vert mt-30\"><\/div><\/div><\/div><!-- about_content --><div class=\"clear\"><\/div><\/div><\/div><!-- introduction box --><br \/>\n<div style=\"height:20px\"><\/div><br \/>\n<section class=\"section-content pt-80 pb-80\" style=\" \">\r\n\t\t\t\t<div class=\"container\">\r\n\t\t\t\t\t<div class=\"wow \" data-wow-duration=\"3s\">\r\n\t\t\t\t\t\t<div class=\"section_head\">\r\n\t\t\t\r\n\t\t\t<h2 class=\"section_title\">\u00bfNecesita tratamiento periodontal?<span><\/span><\/h2>\r\n\t\t\t<p><\/p>\r\n\t\t<\/div><!-- section head -->\r\n\t\t\t\t\t\t\r\n\t\t\t\t\t<\/div><!-- animation class -->\r\n\t\t\t\t<\/div><!-- container class -->\t\t\t\t\t\t\t\t\r\n\t\t\t<\/section><!-- section --><br \/>\n<div class=\"flex-element row flex-wrap \"><p><\/p>\n<div class=\"col-3 \">\n<div class=\"iconbox style2 wow zoomIn\" data-wow-duration=\"2s\">\n<div class=\"iconbox-icon\">\n<div class=\"iconbox-icon-inner\"><i class=\"fa-thin fa-face-discomfort\"><\/i><\/div>\n<\/div>\n<div class=\"iconbox-content\">\n<h4><a href=\"#\">Molestias en enc\u00edas y boca<\/a><\/h4>\n<p>\nEnc\u00edas rojas, inflamadas o sangrantes, mal aliento, mucho sarro y placa\n<\/p>\n<\/div>\n<\/div>\n<\/div>\n<p><\/p>\n<div class=\"col-3 \">\n<div class=\"iconbox style2 wow zoomIn\" data-wow-duration=\"2s\">\n<div class=\"iconbox-icon\">\n<div class=\"iconbox-icon-inner\"><i class=\"fa-thin fa-tooth\"><\/i><\/div>\n<\/div>\n<div class=\"iconbox-content\">\n<h4><a href=\"#\">Recesi\u00f3n del tejido periodontal<\/a><\/h4>\n<p>\nRecesi\u00f3n de enc\u00edas, espacios dentales, dientes sensibles o flojos\n<\/p>\n<\/div>\n<\/div>\n<\/div>\n<p><\/p>\n<div class=\"col-3 \">\n<div class=\"iconbox style2 wow zoomIn\" data-wow-duration=\"2s\">\n<div class=\"iconbox-icon\">\n<div class=\"iconbox-icon-inner\"><i class=\"fa-thin fa-users-medical\"><\/i><\/div>\n<\/div>\n<div class=\"iconbox-content\">\n<h4><a href=\"#\">Grupos vulnerables<\/a><\/h4>\n<p>\nEmbarazadas, diab\u00e9ticos y personas con baja inmunidad con problemas recurrentes de enc\u00edas\n<\/p>\n<\/div>\n<\/div>\n<\/div>\n<p><\/p>\n<div class=\"col-3 \">\n<div class=\"iconbox style2 wow zoomIn\" data-wow-duration=\"2s\">\n<div class=\"iconbox-icon\">\n<div class=\"iconbox-icon-inner\"><i class=\"fa-thin fa-clipboard-check\"><\/i><\/div>\n<\/div>\n<div class=\"iconbox-content\">\n<h4><a href=\"#\">Preparaci\u00f3n antes del tratamiento<\/a><\/h4>\n<p>\nPacientes que se preparan para empastes, ortodoncia, implantes o carillas\n<\/p>\n<\/div>\n<\/div>\n<\/div>\n<p><\/p>\n<\/div><\/p>\n\r\n\t\t\t\t\t<\/div><!-- animation class -->\r\n\t\t\t\t<\/div><!-- container class -->\t\t\t\t\t\t\t\t\r\n\t\t\t<\/section><!-- section -->\n","protected":false},"excerpt":{"rendered":"","protected":false},"author":1,"featured_media":0,"parent":973,"menu_order":4,"comment_status":"closed","ping_status":"closed","template":"page-templates\/template-full-screen.php","meta":{"footnotes":""},"class_list":["post-2209","page","type-page","status-publish","hentry"],"_links":{"self":[{"href":"https:\/\/cndentalhospital.com\/index.php?rest_route=\/wp\/v2\/pages\/2209","targetHints":{"allow":["GET"]}}],"collection":[{"href":"https:\/\/cndentalhospital.com\/index.php?rest_route=\/wp\/v2\/pages"}],"about":[{"href":"https:\/\/cndentalhospital.com\/index.php?rest_route=\/wp\/v2\/types\/page"}],"author":[{"embeddable":true,"href":"https:\/\/cndentalhospital.com\/index.php?rest_route=\/wp\/v2\/users\/1"}],"replies":[{"embeddable":true,"href":"https:\/\/cndentalhospital.com\/index.php?rest_route=%2Fwp%2Fv2%2Fcomments&post=2209"}],"version-history":[{"count":0,"href":"https:\/\/cndentalhospital.com\/index.php?rest_route=\/wp\/v2\/pages\/2209\/revisions"}],"up":[{"embeddable":true,"href":"https:\/\/cndentalhospital.com\/index.php?rest_route=\/wp\/v2\/pages\/973"}],"wp:attachment":[{"href":"https:\/\/cndentalhospital.com\/index.php?rest_route=%2Fwp%2Fv2%2Fmedia&parent=2209"}],"curies":[{"name":"wp","href":"https:\/\/api.w.org\/{rel}","templated":true}]}}