{"id":2206,"date":"2026-04-29T19:05:55","date_gmt":"2026-04-29T11:05:55","guid":{"rendered":"https:\/\/cndentalhospital.com\/?page_id=2206"},"modified":"2026-04-29T19:05:55","modified_gmt":"2026-04-29T11:05:55","slug":"periodontal-treatment-fr","status":"publish","type":"page","link":"https:\/\/cndentalhospital.com\/?page_id=2206&lang=fr","title":{"rendered":"Traitement parodontal"},"content":{"rendered":"<section class=\"section-content \" style=\" \">\r\n\t\t\t\t<div class=\"container\">\r\n\t\t\t\t\t<div class=\"wow fadeIn\" data-wow-duration=\"3s\">\r\n\t\t\t\t\t\t<div class=\"section_head\">\r\n\t\t\t\r\n\t\t\t<h2 class=\"section_title\">Traitement parodontal<span><\/span><\/h2>\r\n\t\t\t<p><\/p>\r\n\t\t<\/div><!-- section head -->\r\n\t\t\t\t\t\t<p>\n<div style=\"height:100px\"><\/div><br \/>\n<div class=\"introduction-box\"><div class=\"flex-element flex-wrap align-flex-vert row\"><div class=\"col-6\"><div class=\"about_fig wow zoomIn\" data-wow-duration=\"2s\"><img decoding=\"async\" src=\"https:\/\/flydemos.net\/toothwise\/wp-content\/uploads\/2024\/09\/gallery10.jpg\" alt=\"\"><\/div><\/div><!-- about_fig --><div class=\"about_content col-6\"><div class=\"inner_about_content wow zoomIn\" data-wow-duration=\"2s\"><div class=\"section_head\"><h2 class=\"section_title\">Qu\u2019est-ce qu\u2019un traitement parodontal ?<\/h2><\/div><p><p>\nLe traitement parodontal \u00e9limine le tartre et la plaque par le nettoyage dentaire et le surfa\u00e7age radiculaire afin de r\u00e9duire l\u2019inflammation des gencives. Il aide \u00e0 stopper les saignements et la mauvaise haleine, \u00e0 stabiliser les dents mobiles, \u00e0 prot\u00e9ger l\u2019os alv\u00e9olaire et \u00e0 pr\u00e9venir la perte pr\u00e9coce des dents.<br \/>\nIl maintient la sant\u00e9 bucco-dentaire \u00e0 long terme et cr\u00e9e aussi de bonnes conditions pour les traitements ult\u00e9rieurs, comme les obturations et les implants dentaires. Le traitement parodontal de base cible les gencives rouges et gonfl\u00e9es, les saignements, la mauvaise haleine et les dents mobiles ; il \u00e9limine plaque et tartre par d\u00e9tartrage et curetage sous-gingival, am\u00e9liore l\u2019environnement parodontal, freine l\u2019\u00e9volution de la maladie et prot\u00e8ge les tissus. La st\u00e9rilisation laser parodontale utilise une technologie mini-invasive pour agir pr\u00e9cis\u00e9ment en profondeur dans la poche parodontale, tuer les bact\u00e9ries pathog\u00e8nes, assurer une h\u00e9mostase rapide, r\u00e9duire les traumatismes et le risque de r\u00e9cidive.<\/p>\n<\/p><div class=\"flex-element align-flex-vert mt-30\"><\/div><\/div><\/div><!-- about_content --><div class=\"clear\"><\/div><\/div><\/div><!-- introduction box --><br \/>\n<div style=\"height:20px\"><\/div><br \/>\n<section class=\"section-content pt-80 pb-80\" style=\" \">\r\n\t\t\t\t<div class=\"container\">\r\n\t\t\t\t\t<div class=\"wow \" data-wow-duration=\"3s\">\r\n\t\t\t\t\t\t<div class=\"section_head\">\r\n\t\t\t\r\n\t\t\t<h2 class=\"section_title\">Avez-vous besoin d\u2019un traitement parodontal ?<span><\/span><\/h2>\r\n\t\t\t<p><\/p>\r\n\t\t<\/div><!-- section head -->\r\n\t\t\t\t\t\t\r\n\t\t\t\t\t<\/div><!-- animation class -->\r\n\t\t\t\t<\/div><!-- container class -->\t\t\t\t\t\t\t\t\r\n\t\t\t<\/section><!-- section --><br \/>\n<div class=\"flex-element row flex-wrap \"><p><\/p>\n<div class=\"col-3 \">\n<div class=\"iconbox style2 wow zoomIn\" data-wow-duration=\"2s\">\n<div class=\"iconbox-icon\">\n<div class=\"iconbox-icon-inner\"><i class=\"fa-thin fa-face-discomfort\"><\/i><\/div>\n<\/div>\n<div class=\"iconbox-content\">\n<h4><a href=\"#\">Inconfort gingival et buccal<\/a><\/h4>\n<p>\nGencives rouges, gonfl\u00e9es ou qui saignent, mauvaise haleine, tartre et plaque importants\n<\/p>\n<\/div>\n<\/div>\n<\/div>\n<p><\/p>\n<div class=\"col-3 \">\n<div class=\"iconbox style2 wow zoomIn\" data-wow-duration=\"2s\">\n<div class=\"iconbox-icon\">\n<div class=\"iconbox-icon-inner\"><i class=\"fa-thin fa-tooth\"><\/i><\/div>\n<\/div>\n<div class=\"iconbox-content\">\n<h4><a href=\"#\">R\u00e9cession des tissus parodontaux<\/a><\/h4>\n<p>\nR\u00e9cession gingivale, espaces dentaires, dents sensibles ou mobiles\n<\/p>\n<\/div>\n<\/div>\n<\/div>\n<p><\/p>\n<div class=\"col-3 \">\n<div class=\"iconbox style2 wow zoomIn\" data-wow-duration=\"2s\">\n<div class=\"iconbox-icon\">\n<div class=\"iconbox-icon-inner\"><i class=\"fa-thin fa-users-medical\"><\/i><\/div>\n<\/div>\n<div class=\"iconbox-content\">\n<h4><a href=\"#\">Groupes vuln\u00e9rables<\/a><\/h4>\n<p>\nFemmes enceintes, diab\u00e9tiques et personnes \u00e0 faible immunit\u00e9 avec probl\u00e8mes gingivaux r\u00e9currents\n<\/p>\n<\/div>\n<\/div>\n<\/div>\n<p><\/p>\n<div class=\"col-3 \">\n<div class=\"iconbox style2 wow zoomIn\" data-wow-duration=\"2s\">\n<div class=\"iconbox-icon\">\n<div class=\"iconbox-icon-inner\"><i class=\"fa-thin fa-clipboard-check\"><\/i><\/div>\n<\/div>\n<div class=\"iconbox-content\">\n<h4><a href=\"#\">Pr\u00e9paration avant traitement<\/a><\/h4>\n<p>\nPatients pr\u00e9parant des obturations, orthodontie, implants ou facettes\n<\/p>\n<\/div>\n<\/div>\n<\/div>\n<p><\/p>\n<\/div><\/p>\n\r\n\t\t\t\t\t<\/div><!-- animation class -->\r\n\t\t\t\t<\/div><!-- container class -->\t\t\t\t\t\t\t\t\r\n\t\t\t<\/section><!-- section -->\n","protected":false},"excerpt":{"rendered":"","protected":false},"author":1,"featured_media":0,"parent":970,"menu_order":4,"comment_status":"closed","ping_status":"closed","template":"page-templates\/template-full-screen.php","meta":{"footnotes":""},"class_list":["post-2206","page","type-page","status-publish","hentry"],"_links":{"self":[{"href":"https:\/\/cndentalhospital.com\/index.php?rest_route=\/wp\/v2\/pages\/2206","targetHints":{"allow":["GET"]}}],"collection":[{"href":"https:\/\/cndentalhospital.com\/index.php?rest_route=\/wp\/v2\/pages"}],"about":[{"href":"https:\/\/cndentalhospital.com\/index.php?rest_route=\/wp\/v2\/types\/page"}],"author":[{"embeddable":true,"href":"https:\/\/cndentalhospital.com\/index.php?rest_route=\/wp\/v2\/users\/1"}],"replies":[{"embeddable":true,"href":"https:\/\/cndentalhospital.com\/index.php?rest_route=%2Fwp%2Fv2%2Fcomments&post=2206"}],"version-history":[{"count":0,"href":"https:\/\/cndentalhospital.com\/index.php?rest_route=\/wp\/v2\/pages\/2206\/revisions"}],"up":[{"embeddable":true,"href":"https:\/\/cndentalhospital.com\/index.php?rest_route=\/wp\/v2\/pages\/970"}],"wp:attachment":[{"href":"https:\/\/cndentalhospital.com\/index.php?rest_route=%2Fwp%2Fv2%2Fmedia&parent=2206"}],"curies":[{"name":"wp","href":"https:\/\/api.w.org\/{rel}","templated":true}]}}