{"id":2203,"date":"2026-04-29T19:05:55","date_gmt":"2026-04-29T11:05:55","guid":{"rendered":"https:\/\/cndentalhospital.com\/?page_id=2203"},"modified":"2026-04-29T19:10:02","modified_gmt":"2026-04-29T11:10:02","slug":"aesthetic-veneers-es","status":"publish","type":"page","link":"https:\/\/cndentalhospital.com\/?page_id=2203&lang=es","title":{"rendered":"Carillas est\u00e9ticas"},"content":{"rendered":"<section class=\"section-content \" style=\" \">\r\n\t\t\t\t<div class=\"container\">\r\n\t\t\t\t\t<div class=\"wow fadeIn\" data-wow-duration=\"3s\">\r\n\t\t\t\t\t\t<div class=\"section_head\">\r\n\t\t\t<h4 class=\"section_sub_title\"><span>Carillas est\u00e9ticas<\/span><\/h4>\r\n\t\t\t<h2 class=\"section_title\">\u00bfQu\u00e9 es una carilla est\u00e9tica?<span><\/span><\/h2>\r\n\t\t\t<p><\/p>\r\n\t\t<\/div><!-- section head -->\r\n\t\t\t\t\t\t<p>\n<div style=\"height:100px\"><\/div><br \/>\n<div class=\"introduction-box\"><div class=\"flex-element flex-wrap align-flex-vert row\"><div class=\"col-6\"><div class=\"about_fig wow zoomIn\" data-wow-duration=\"2s\"><img decoding=\"async\" src=\"https:\/\/flydemos.net\/toothwise\/wp-content\/uploads\/2024\/09\/gallery10.jpg\" alt=\"\"><\/div><\/div><!-- about_fig --><div class=\"about_content col-6\"><div class=\"inner_about_content wow zoomIn\" data-wow-duration=\"2s\"><div class=\"section_head\"><h2 class=\"section_title\">Carillas est\u00e9ticas<\/h2><\/div><p><p>\nLas carillas est\u00e9ticas son l\u00e1minas dentales finas y personalizadas. Con un tallado m\u00ednimo, corrigen manchas, espacios, defectos y ligeras irregularidades para crear una sonrisa natural y perfecta.<\/p>\n<div style=\"height:20px\"><\/div>\n<\/p>\n<h3>Ventajas clave<\/h3>\n<ul class=\"list-1\">\n<li>M\u00ednimamente invasivo, protege los dientes originales<\/li>\n<li>Apariencia natural y transl\u00facida<\/li>\n<li>Mejora diversos problemas est\u00e9ticos dentales<\/li>\n<li>Resistente a manchas y de larga duraci\u00f3n<\/li>\n<li>Dise\u00f1o de sonrisa personalizado<\/li>\n<\/ul>\n<p><\/p>\n<\/p><div class=\"flex-element align-flex-vert mt-30\"><\/div><\/div><\/div><!-- about_content --><div class=\"clear\"><\/div><\/div><\/div><!-- introduction box --><\/p>\n\r\n\t\t\t\t\t<\/div><!-- animation class -->\r\n\t\t\t\t<\/div><!-- container class -->\t\t\t\t\t\t\t\t\r\n\t\t\t<\/section><!-- section -->\n<section class=\"section-content pt-80 pb-80\" style=\" \">\r\n\t\t\t\t<div class=\"container\">\r\n\t\t\t\t\t<div class=\"wow \" data-wow-duration=\"3s\">\r\n\t\t\t\t\t\t<div class=\"section_head\">\r\n\t\t\t\r\n\t\t\t<h2 class=\"section_title\">Clasificaci\u00f3n de materiales de las carillas est\u00e9ticas<span><\/span><\/h2>\r\n\t\t\t<p><\/p>\r\n\t\t<\/div><!-- section head -->\r\n\t\t\t\t\t\t<p>\n<div class=\"flex-element row flex-wrap \"><p><\/p>\n<div class=\"col-4 \">\n<div class=\"iconbox style1 wow zoomIn\" data-wow-duration=\"2s\">\n<div class=\"iconbox-icon\">\n<div class=\"iconbox-icon-inner\"><i class=\"fa-thin fa-tooth\"><\/i><\/div>\n<\/div>\n<div class=\"iconbox-content\">\n<h4><a href=\"#\">Carillas de porcelana<\/a><\/h4>\n<p>Transl\u00facidas, de color natural, resistentes al desgaste y a las manchas, biocompatibles y duraderas; la primera opci\u00f3n para est\u00e9tica de alta gama.<\/p>\n<\/div>\n<\/div>\n<\/div>\n<p><\/p>\n<div class=\"col-4 \">\n<div class=\"iconbox style1 wow zoomIn\" data-wow-duration=\"2s\">\n<div class=\"iconbox-icon\">\n<div class=\"iconbox-icon-inner\"><i class=\"fa-thin fa-gem\"><\/i><\/div>\n<\/div>\n<div class=\"iconbox-content\">\n<h4><a href=\"#\">Carillas de resina<\/a><\/h4>\n<p>Rentables, de tratamiento r\u00e1pido y con m\u00ednimo tallado dental, ideales para mejoras a corto plazo.<\/p>\n<\/div>\n<\/div>\n<\/div>\n<p><\/p>\n<div class=\"col-4 \">\n<div class=\"iconbox style1 wow zoomIn\" data-wow-duration=\"2s\">\n<div class=\"iconbox-icon\">\n<div class=\"iconbox-icon-inner\"><i class=\"fa-thin fa-shield\"><\/i><\/div>\n<\/div>\n<div class=\"iconbox-content\">\n<h4><a href=\"#\">Carillas E-max<\/a><\/h4>\n<p>Alta resistencia y tenacidad, resistentes a grietas, equilibran belleza y durabilidad.<\/p>\n<\/div>\n<\/div>\n<\/div>\n<p><\/p>\n<\/div><br \/>\n<div style=\"height:100px\"><\/div><br \/>\n<div class=\"introduction-box\"><div class=\"flex-element flex-wrap align-flex-vert row\"><div class=\"col-6\"><div class=\"about_fig wow zoomIn\" data-wow-duration=\"2s\"><img decoding=\"async\" src=\"https:\/\/flydemos.net\/toothwise\/wp-content\/uploads\/2024\/09\/gallery10.jpg\" alt=\"\"><\/div><\/div><!-- about_fig --><div class=\"about_content col-6\"><div class=\"inner_about_content wow zoomIn\" data-wow-duration=\"2s\"><div class=\"section_head\"><h2 class=\"section_title\">C\u00f3mo es el proceso de las carillas est\u00e9ticas<\/h2><\/div><p><p><\/p>\n<div style=\"height:20px\"><\/div>\n<\/p>\n<h3>Ventajas clave<\/h3>\n<ul class=\"list-1\">\n<p>\nTodo el tratamiento toma de 3 a 7 d\u00edas:<br \/>\n1. Consulta, dise\u00f1o y preparaci\u00f3n dental: se completa el mismo d\u00eda<br \/>\n2. Producci\u00f3n de carillas personalizadas: 3 a 5 d\u00edas<br \/>\n3. Prueba final y cementaci\u00f3n permanente: una visita de regreso<\/p>\n<\/ul>\n<p><\/p>\n<\/p><div class=\"flex-element align-flex-vert mt-30\"><\/div><\/div><\/div><!-- about_content --><div class=\"clear\"><\/div><\/div><\/div><!-- introduction box --><\/p>\n\r\n\t\t\t\t\t<\/div><!-- animation class -->\r\n\t\t\t\t<\/div><!-- container class -->\t\t\t\t\t\t\t\t\r\n\t\t\t<\/section><!-- section -->\n","protected":false},"excerpt":{"rendered":"","protected":false},"author":1,"featured_media":0,"parent":973,"menu_order":3,"comment_status":"closed","ping_status":"closed","template":"page-templates\/template-full-screen.php","meta":{"footnotes":""},"class_list":["post-2203","page","type-page","status-publish","hentry"],"_links":{"self":[{"href":"https:\/\/cndentalhospital.com\/index.php?rest_route=\/wp\/v2\/pages\/2203","targetHints":{"allow":["GET"]}}],"collection":[{"href":"https:\/\/cndentalhospital.com\/index.php?rest_route=\/wp\/v2\/pages"}],"about":[{"href":"https:\/\/cndentalhospital.com\/index.php?rest_route=\/wp\/v2\/types\/page"}],"author":[{"embeddable":true,"href":"https:\/\/cndentalhospital.com\/index.php?rest_route=\/wp\/v2\/users\/1"}],"replies":[{"embeddable":true,"href":"https:\/\/cndentalhospital.com\/index.php?rest_route=%2Fwp%2Fv2%2Fcomments&post=2203"}],"version-history":[{"count":1,"href":"https:\/\/cndentalhospital.com\/index.php?rest_route=\/wp\/v2\/pages\/2203\/revisions"}],"predecessor-version":[{"id":2263,"href":"https:\/\/cndentalhospital.com\/index.php?rest_route=\/wp\/v2\/pages\/2203\/revisions\/2263"}],"up":[{"embeddable":true,"href":"https:\/\/cndentalhospital.com\/index.php?rest_route=\/wp\/v2\/pages\/973"}],"wp:attachment":[{"href":"https:\/\/cndentalhospital.com\/index.php?rest_route=%2Fwp%2Fv2%2Fmedia&parent=2203"}],"curies":[{"name":"wp","href":"https:\/\/api.w.org\/{rel}","templated":true}]}}