{"id":2200,"date":"2026-04-29T19:05:55","date_gmt":"2026-04-29T11:05:55","guid":{"rendered":"https:\/\/cndentalhospital.com\/?page_id=2200"},"modified":"2026-04-29T19:10:02","modified_gmt":"2026-04-29T11:10:02","slug":"aesthetic-veneers-fr","status":"publish","type":"page","link":"https:\/\/cndentalhospital.com\/?page_id=2200&lang=fr","title":{"rendered":"Facettes esth\u00e9tiques"},"content":{"rendered":"<section class=\"section-content \" style=\" \">\r\n\t\t\t\t<div class=\"container\">\r\n\t\t\t\t\t<div class=\"wow fadeIn\" data-wow-duration=\"3s\">\r\n\t\t\t\t\t\t<div class=\"section_head\">\r\n\t\t\t<h4 class=\"section_sub_title\"><span>Facettes esth\u00e9tiques<\/span><\/h4>\r\n\t\t\t<h2 class=\"section_title\">Qu\u2019est-ce qu\u2019une facette esth\u00e9tique ?<span><\/span><\/h2>\r\n\t\t\t<p><\/p>\r\n\t\t<\/div><!-- section head -->\r\n\t\t\t\t\t\t<p>\n<div style=\"height:100px\"><\/div><br \/>\n<div class=\"introduction-box\"><div class=\"flex-element flex-wrap align-flex-vert row\"><div class=\"col-6\"><div class=\"about_fig wow zoomIn\" data-wow-duration=\"2s\"><img decoding=\"async\" src=\"https:\/\/flydemos.net\/toothwise\/wp-content\/uploads\/2024\/09\/gallery10.jpg\" alt=\"\"><\/div><\/div><!-- about_fig --><div class=\"about_content col-6\"><div class=\"inner_about_content wow zoomIn\" data-wow-duration=\"2s\"><div class=\"section_head\"><h2 class=\"section_title\">Facettes esth\u00e9tiques<\/h2><\/div><p><p>\nLes facettes esth\u00e9tiques sont de fines coques dentaires personnalis\u00e9es. Avec une pr\u00e9paration minimale, elles corrigent les colorations, espaces, d\u00e9fauts et l\u00e9g\u00e8res irr\u00e9gularit\u00e9s pour cr\u00e9er un sourire naturel et harmonieux.<\/p>\n<div style=\"height:20px\"><\/div>\n<\/p>\n<h3>Avantages cl\u00e9s<\/h3>\n<ul class=\"list-1\">\n<li>Mini-invasif, prot\u00e8ge les dents naturelles<\/li>\n<li>Aspect naturel et translucide<\/li>\n<li>Am\u00e9liore divers probl\u00e8mes esth\u00e9tiques dentaires<\/li>\n<li>R\u00e9sistant aux taches et durable<\/li>\n<li>Conception personnalis\u00e9e du sourire<\/li>\n<\/ul>\n<p><\/p>\n<\/p><div class=\"flex-element align-flex-vert mt-30\"><\/div><\/div><\/div><!-- about_content --><div class=\"clear\"><\/div><\/div><\/div><!-- introduction box --><\/p>\n\r\n\t\t\t\t\t<\/div><!-- animation class -->\r\n\t\t\t\t<\/div><!-- container class -->\t\t\t\t\t\t\t\t\r\n\t\t\t<\/section><!-- section -->\n<section class=\"section-content pt-80 pb-80\" style=\" \">\r\n\t\t\t\t<div class=\"container\">\r\n\t\t\t\t\t<div class=\"wow \" data-wow-duration=\"3s\">\r\n\t\t\t\t\t\t<div class=\"section_head\">\r\n\t\t\t\r\n\t\t\t<h2 class=\"section_title\">Classification des mat\u00e9riaux des facettes esth\u00e9tiques<span><\/span><\/h2>\r\n\t\t\t<p><\/p>\r\n\t\t<\/div><!-- section head -->\r\n\t\t\t\t\t\t<p>\n<div class=\"flex-element row flex-wrap \"><p><\/p>\n<div class=\"col-4 \">\n<div class=\"iconbox style1 wow zoomIn\" data-wow-duration=\"2s\">\n<div class=\"iconbox-icon\">\n<div class=\"iconbox-icon-inner\"><i class=\"fa-thin fa-tooth\"><\/i><\/div>\n<\/div>\n<div class=\"iconbox-content\">\n<h4><a href=\"#\">Facettes en porcelaine<\/a><\/h4>\n<p>Translucides, de couleur naturelle, r\u00e9sistantes \u00e0 l\u2019usure et aux taches, biocompatibles et durables, elles sont le premier choix pour l\u2019esth\u00e9tique haut de gamme.<\/p>\n<\/div>\n<\/div>\n<\/div>\n<p><\/p>\n<div class=\"col-4 \">\n<div class=\"iconbox style1 wow zoomIn\" data-wow-duration=\"2s\">\n<div class=\"iconbox-icon\">\n<div class=\"iconbox-icon-inner\"><i class=\"fa-thin fa-gem\"><\/i><\/div>\n<\/div>\n<div class=\"iconbox-content\">\n<h4><a href=\"#\">Facettes en r\u00e9sine<\/a><\/h4>\n<p>\u00c9conomiques, rapides, avec une pr\u00e9paration dentaire minimale, id\u00e9ales pour une am\u00e9lioration \u00e0 court terme.<\/p>\n<\/div>\n<\/div>\n<\/div>\n<p><\/p>\n<div class=\"col-4 \">\n<div class=\"iconbox style1 wow zoomIn\" data-wow-duration=\"2s\">\n<div class=\"iconbox-icon\">\n<div class=\"iconbox-icon-inner\"><i class=\"fa-thin fa-shield\"><\/i><\/div>\n<\/div>\n<div class=\"iconbox-content\">\n<h4><a href=\"#\">Facettes E-max press\u00e9es<\/a><\/h4>\n<p>Haute r\u00e9sistance et t\u00e9nacit\u00e9, bonne r\u00e9sistance aux fissures, alliant beaut\u00e9 et durabilit\u00e9.<\/p>\n<\/div>\n<\/div>\n<\/div>\n<p><\/p>\n<\/div><br \/>\n<div style=\"height:100px\"><\/div><br \/>\n<div class=\"introduction-box\"><div class=\"flex-element flex-wrap align-flex-vert row\"><div class=\"col-6\"><div class=\"about_fig wow zoomIn\" data-wow-duration=\"2s\"><img decoding=\"async\" src=\"https:\/\/flydemos.net\/toothwise\/wp-content\/uploads\/2024\/09\/gallery10.jpg\" alt=\"\"><\/div><\/div><!-- about_fig --><div class=\"about_content col-6\"><div class=\"inner_about_content wow zoomIn\" data-wow-duration=\"2s\"><div class=\"section_head\"><h2 class=\"section_title\">Quel est le processus des facettes esth\u00e9tiques<\/h2><\/div><p><p><\/p>\n<div style=\"height:20px\"><\/div>\n<\/p>\n<h3>Avantages cl\u00e9s<\/h3>\n<ul class=\"list-1\">\n<p>\nL\u2019ensemble du traitement prend 3 \u00e0 7 jours :<br \/>\n1. Consultation, design et pr\u00e9paration dentaire : r\u00e9alis\u00e9s le jour m\u00eame<br \/>\n2. Fabrication des facettes sur mesure : 3 \u00e0 5 jours<br \/>\n3. Essayage final et collage permanent : une visite de contr\u00f4le<\/p>\n<\/ul>\n<p><\/p>\n<\/p><div class=\"flex-element align-flex-vert mt-30\"><\/div><\/div><\/div><!-- about_content --><div class=\"clear\"><\/div><\/div><\/div><!-- introduction box --><\/p>\n\r\n\t\t\t\t\t<\/div><!-- animation class -->\r\n\t\t\t\t<\/div><!-- container class -->\t\t\t\t\t\t\t\t\r\n\t\t\t<\/section><!-- section -->\n","protected":false},"excerpt":{"rendered":"","protected":false},"author":1,"featured_media":0,"parent":970,"menu_order":3,"comment_status":"closed","ping_status":"closed","template":"page-templates\/template-full-screen.php","meta":{"footnotes":""},"class_list":["post-2200","page","type-page","status-publish","hentry"],"_links":{"self":[{"href":"https:\/\/cndentalhospital.com\/index.php?rest_route=\/wp\/v2\/pages\/2200","targetHints":{"allow":["GET"]}}],"collection":[{"href":"https:\/\/cndentalhospital.com\/index.php?rest_route=\/wp\/v2\/pages"}],"about":[{"href":"https:\/\/cndentalhospital.com\/index.php?rest_route=\/wp\/v2\/types\/page"}],"author":[{"embeddable":true,"href":"https:\/\/cndentalhospital.com\/index.php?rest_route=\/wp\/v2\/users\/1"}],"replies":[{"embeddable":true,"href":"https:\/\/cndentalhospital.com\/index.php?rest_route=%2Fwp%2Fv2%2Fcomments&post=2200"}],"version-history":[{"count":1,"href":"https:\/\/cndentalhospital.com\/index.php?rest_route=\/wp\/v2\/pages\/2200\/revisions"}],"predecessor-version":[{"id":2260,"href":"https:\/\/cndentalhospital.com\/index.php?rest_route=\/wp\/v2\/pages\/2200\/revisions\/2260"}],"up":[{"embeddable":true,"href":"https:\/\/cndentalhospital.com\/index.php?rest_route=\/wp\/v2\/pages\/970"}],"wp:attachment":[{"href":"https:\/\/cndentalhospital.com\/index.php?rest_route=%2Fwp%2Fv2%2Fmedia&parent=2200"}],"curies":[{"name":"wp","href":"https:\/\/api.w.org\/{rel}","templated":true}]}}