{"id":2191,"date":"2026-04-29T19:05:55","date_gmt":"2026-04-29T11:05:55","guid":{"rendered":"https:\/\/cndentalhospital.com\/?page_id=2191"},"modified":"2026-04-29T19:05:55","modified_gmt":"2026-04-29T11:05:55","slug":"dental-implants-es","status":"publish","type":"page","link":"https:\/\/cndentalhospital.com\/?page_id=2191&lang=es","title":{"rendered":"Implantes dentales"},"content":{"rendered":"<section class=\"section-content \" style=\" \">\r\n\t\t\t\t<div class=\"container\">\r\n\t\t\t\t\t<div class=\"wow fadeIn\" data-wow-duration=\"3s\">\r\n\t\t\t\t\t\t<div class=\"section_head\">\r\n\t\t\t\r\n\t\t\t<h2 class=\"section_title\">Implantes dentales<span><\/span><\/h2>\r\n\t\t\t<p><\/p>\r\n\t\t<\/div><!-- section head -->\r\n\t\t\t\t\t\t<p>\n<div style=\"height:100px\"><\/div><br \/>\n<div class=\"introduction-box\"><div class=\"flex-element flex-wrap align-flex-vert row\"><div class=\"col-6\"><div class=\"about_fig wow zoomIn\" data-wow-duration=\"2s\"><img decoding=\"async\" src=\"https:\/\/flydemos.net\/toothwise\/wp-content\/uploads\/2024\/09\/gallery10.jpg\" alt=\"\"><\/div><\/div><!-- about_fig --><div class=\"about_content col-6\"><div class=\"inner_about_content wow zoomIn\" data-wow-duration=\"2s\"><div class=\"section_head\"><h2 class=\"section_title\">\u00bfQu\u00e9 son los implantes dentales inmediatos?<\/h2><\/div><p><p>\nEl implante inmediato consiste en colocar un implante dental justo despu\u00e9s de la extracci\u00f3n del diente, en una sola visita.<\/p>\n<p>Acorta el tiempo de tratamiento, evita cirug\u00edas repetidas y conserva la estructura de la enc\u00eda y el hueso. <\/p>\n<p>Con una recuperaci\u00f3n m\u00e1s r\u00e1pida y dientes temporales el mismo d\u00eda, ofrece mayor comodidad, est\u00e9tica natural y funci\u00f3n masticatoria estable.<\/p>\n<\/p><div class=\"flex-element align-flex-vert mt-30\"><\/div><\/div><\/div><!-- about_content --><div class=\"clear\"><\/div><\/div><\/div><!-- introduction box --><br \/>\n<div style=\"height:100px\"><\/div><br \/>\n<div class=\"introduction-box right-side\"><div class=\"flex-element flex-wrap align-flex-vert row flex-reverse\"><div class=\"col-6\"><div class=\"about_fig wow zoomIn\" data-wow-duration=\"2s\"><img decoding=\"async\" src=\"https:\/\/flydemos.net\/toothwise\/wp-content\/uploads\/2024\/09\/gallery10.jpg\" alt=\"\"><\/div><\/div><!-- about_fig --><div class=\"about_content col-6\"><div class=\"inner_about_content wow zoomIn\" data-wow-duration=\"2s\"><div class=\"section_head\"><h2 class=\"section_title\">Procedimiento de implante en dos fases<\/h2><\/div><p><p>\nEl implante en dos fases es un m\u00e9todo cl\u00e1sico y seguro de implantolog\u00eda dental.<\/p>\n<p>En la primera etapa, el implante se coloca en el hueso maxilar y se cubre con tejido gingival para cicatrizar.<\/p>\n<p>En la segunda etapa, despu\u00e9s de la osteointegraci\u00f3n, se instalan el pilar y la corona definitiva.<\/p>\n<p>Ofrece alta estabilidad, bajo riesgo de infecci\u00f3n y durabilidad a largo plazo.<\/p>\n<\/p><div class=\"flex-element align-flex-vert mt-30\"><\/div><\/div><\/div><!-- about_content --><div class=\"clear\"><\/div><\/div><\/div><!-- introduction box --><br \/>\n<div style=\"height:100px\"><\/div><br \/>\n<div class=\"working-process-wrap\"><div class=\"flex-element flex-wrap align-flex-center\"><p><\/p>\n<div class=\"process-box\">\n<div class=\"inner-process-box\">\n<div class=\"process-icon\">\n<div class=\"process-thumb\"><img decoding=\"async\" src=\"https:\/\/cndentalhospital.com\/wp-content\/themes\/toothwise-pro\/images\/process1.jpg\"><\/div>\n<div class=\"process-num\">01<\/div>\n<\/div>\n<div class=\"process-content\">\n<h4>Primera fase  Duraci\u00f3n 3 d\u00edas<\/h4>\n<\/p>\n<\/div>\n<\/div>\n<\/div>\n<p><\/p>\n<div class=\"process-box\">\n<div class=\"inner-process-box\">\n<div class=\"process-icon\">\n<div class=\"process-thumb\"><img decoding=\"async\" src=\"https:\/\/cndentalhospital.com\/wp-content\/themes\/toothwise-pro\/images\/process2.jpg\"><\/div>\n<div class=\"process-num\">02<\/div>\n<\/div>\n<div class=\"process-content\">\n<h4>El intervalo entre fases es de 3 a 6 meses<\/h4>\n<\/p>\n<\/div>\n<\/div>\n<\/div>\n<p><\/p>\n<div class=\"process-box\">\n<div class=\"inner-process-box\">\n<div class=\"process-icon\">\n<div class=\"process-thumb\"><img decoding=\"async\" src=\"https:\/\/cndentalhospital.com\/wp-content\/themes\/toothwise-pro\/images\/process3.jpg\"><\/div>\n<div class=\"process-num\">03<\/div>\n<\/div>\n<div class=\"process-content\">\n<h4>Segunda fase  Duraci\u00f3n 7 d\u00edas<\/h4>\n<\/p>\n<\/div>\n<\/div>\n<\/div>\n<p><\/p>\n<\/div><\/div><br \/>\n<div style=\"height:100px\"><\/div><br \/>\n<div class=\"introduction-box right-side\"><div class=\"flex-element flex-wrap align-flex-vert row flex-reverse\"><div class=\"col-6\"><div class=\"about_fig wow zoomIn\" data-wow-duration=\"2s\"><img decoding=\"async\" src=\"https:\/\/flydemos.net\/toothwise\/wp-content\/uploads\/2024\/09\/gallery10.jpg\" alt=\"\"><\/div><\/div><!-- about_fig --><div class=\"about_content col-6\"><div class=\"inner_about_content wow zoomIn\" data-wow-duration=\"2s\"><div class=\"section_head\"><h2 class=\"section_title\">Garant\u00eda de implantes de alta gama<\/h2><\/div><p><p>\nUtilizamos implantes suizos Straumann de calidad fiable, adecuados para distintos escenarios de implantaci\u00f3n, combinados con tecnolog\u00eda m\u00ednimamente invasiva para ofrecer una experiencia segura y de alta calidad.<\/p>\n<\/p><div class=\"flex-element align-flex-vert mt-30\"><\/div><\/div><\/div><!-- about_content --><div class=\"clear\"><\/div><\/div><\/div><!-- introduction box --><\/p>\n\r\n\t\t\t\t\t<\/div><!-- animation class -->\r\n\t\t\t\t<\/div><!-- container class -->\t\t\t\t\t\t\t\t\r\n\t\t\t<\/section><!-- section -->\n","protected":false},"excerpt":{"rendered":"","protected":false},"author":1,"featured_media":0,"parent":973,"menu_order":1,"comment_status":"closed","ping_status":"closed","template":"page-templates\/template-full-screen.php","meta":{"footnotes":""},"class_list":["post-2191","page","type-page","status-publish","hentry"],"_links":{"self":[{"href":"https:\/\/cndentalhospital.com\/index.php?rest_route=\/wp\/v2\/pages\/2191","targetHints":{"allow":["GET"]}}],"collection":[{"href":"https:\/\/cndentalhospital.com\/index.php?rest_route=\/wp\/v2\/pages"}],"about":[{"href":"https:\/\/cndentalhospital.com\/index.php?rest_route=\/wp\/v2\/types\/page"}],"author":[{"embeddable":true,"href":"https:\/\/cndentalhospital.com\/index.php?rest_route=\/wp\/v2\/users\/1"}],"replies":[{"embeddable":true,"href":"https:\/\/cndentalhospital.com\/index.php?rest_route=%2Fwp%2Fv2%2Fcomments&post=2191"}],"version-history":[{"count":0,"href":"https:\/\/cndentalhospital.com\/index.php?rest_route=\/wp\/v2\/pages\/2191\/revisions"}],"up":[{"embeddable":true,"href":"https:\/\/cndentalhospital.com\/index.php?rest_route=\/wp\/v2\/pages\/973"}],"wp:attachment":[{"href":"https:\/\/cndentalhospital.com\/index.php?rest_route=%2Fwp%2Fv2%2Fmedia&parent=2191"}],"curies":[{"name":"wp","href":"https:\/\/api.w.org\/{rel}","templated":true}]}}