{"id":2188,"date":"2026-04-29T19:05:55","date_gmt":"2026-04-29T11:05:55","guid":{"rendered":"https:\/\/cndentalhospital.com\/?page_id=2188"},"modified":"2026-04-29T19:05:55","modified_gmt":"2026-04-29T11:05:55","slug":"dental-implants-fr","status":"publish","type":"page","link":"https:\/\/cndentalhospital.com\/?page_id=2188&lang=fr","title":{"rendered":"Implants dentaires"},"content":{"rendered":"<section class=\"section-content \" style=\" \">\r\n\t\t\t\t<div class=\"container\">\r\n\t\t\t\t\t<div class=\"wow fadeIn\" data-wow-duration=\"3s\">\r\n\t\t\t\t\t\t<div class=\"section_head\">\r\n\t\t\t\r\n\t\t\t<h2 class=\"section_title\">Implants dentaires<span><\/span><\/h2>\r\n\t\t\t<p><\/p>\r\n\t\t<\/div><!-- section head -->\r\n\t\t\t\t\t\t<p>\n<div style=\"height:100px\"><\/div><br \/>\n<div class=\"introduction-box\"><div class=\"flex-element flex-wrap align-flex-vert row\"><div class=\"col-6\"><div class=\"about_fig wow zoomIn\" data-wow-duration=\"2s\"><img decoding=\"async\" src=\"https:\/\/flydemos.net\/toothwise\/wp-content\/uploads\/2024\/09\/gallery10.jpg\" alt=\"\"><\/div><\/div><!-- about_fig --><div class=\"about_content col-6\"><div class=\"inner_about_content wow zoomIn\" data-wow-duration=\"2s\"><div class=\"section_head\"><h2 class=\"section_title\">Que sont les implants dentaires imm\u00e9diats ?<\/h2><\/div><p><p>\nL\u2019implant imm\u00e9diat consiste \u00e0 poser un implant dentaire juste apr\u00e8s l\u2019extraction de la dent, lors de la m\u00eame visite.<\/p>\n<p>Il raccourcit la dur\u00e9e du traitement, \u00e9vite les interventions r\u00e9p\u00e9t\u00e9es et pr\u00e9serve la structure gingivale et osseuse. <\/p>\n<p>Avec une r\u00e9cup\u00e9ration plus rapide et des dents provisoires pos\u00e9es le jour m\u00eame, il offre plus de confort, une esth\u00e9tique naturelle et une fonction masticatoire stable.<\/p>\n<\/p><div class=\"flex-element align-flex-vert mt-30\"><\/div><\/div><\/div><!-- about_content --><div class=\"clear\"><\/div><\/div><\/div><!-- introduction box --><br \/>\n<div style=\"height:100px\"><\/div><br \/>\n<div class=\"introduction-box right-side\"><div class=\"flex-element flex-wrap align-flex-vert row flex-reverse\"><div class=\"col-6\"><div class=\"about_fig wow zoomIn\" data-wow-duration=\"2s\"><img decoding=\"async\" src=\"https:\/\/flydemos.net\/toothwise\/wp-content\/uploads\/2024\/09\/gallery10.jpg\" alt=\"\"><\/div><\/div><!-- about_fig --><div class=\"about_content col-6\"><div class=\"inner_about_content wow zoomIn\" data-wow-duration=\"2s\"><div class=\"section_head\"><h2 class=\"section_title\">Proc\u00e9dure d\u2019implantation en deux phases<\/h2><\/div><p><p>\nL\u2019implantation en deux phases est une m\u00e9thode classique et s\u00fbre.<\/p>\n<p>Lors de la premi\u00e8re \u00e9tape, l\u2019implant est plac\u00e9 dans l\u2019os de la m\u00e2choire puis recouvert par la gencive pour cicatrisation.<\/p>\n<p>Lors de la deuxi\u00e8me \u00e9tape, apr\u00e8s l\u2019ost\u00e9oint\u00e9gration, un pilier et une couronne d\u00e9finitive sont pos\u00e9s.<\/p>\n<p>Cette m\u00e9thode offre une grande stabilit\u00e9, un faible risque d\u2019infection et une durabilit\u00e9 \u00e0 long terme.<\/p>\n<\/p><div class=\"flex-element align-flex-vert mt-30\"><\/div><\/div><\/div><!-- about_content --><div class=\"clear\"><\/div><\/div><\/div><!-- introduction box --><br \/>\n<div style=\"height:100px\"><\/div><br \/>\n<div class=\"working-process-wrap\"><div class=\"flex-element flex-wrap align-flex-center\"><p><\/p>\n<div class=\"process-box\">\n<div class=\"inner-process-box\">\n<div class=\"process-icon\">\n<div class=\"process-thumb\"><img decoding=\"async\" src=\"https:\/\/cndentalhospital.com\/wp-content\/themes\/toothwise-pro\/images\/process1.jpg\"><\/div>\n<div class=\"process-num\">01<\/div>\n<\/div>\n<div class=\"process-content\">\n<h4>Premi\u00e8re phase  Dur\u00e9e 3 jours<\/h4>\n<\/p>\n<\/div>\n<\/div>\n<\/div>\n<p><\/p>\n<div class=\"process-box\">\n<div class=\"inner-process-box\">\n<div class=\"process-icon\">\n<div class=\"process-thumb\"><img decoding=\"async\" src=\"https:\/\/cndentalhospital.com\/wp-content\/themes\/toothwise-pro\/images\/process2.jpg\"><\/div>\n<div class=\"process-num\">02<\/div>\n<\/div>\n<div class=\"process-content\">\n<h4>L\u2019intervalle entre les phases est de 3 \u00e0 6 mois<\/h4>\n<\/p>\n<\/div>\n<\/div>\n<\/div>\n<p><\/p>\n<div class=\"process-box\">\n<div class=\"inner-process-box\">\n<div class=\"process-icon\">\n<div class=\"process-thumb\"><img decoding=\"async\" src=\"https:\/\/cndentalhospital.com\/wp-content\/themes\/toothwise-pro\/images\/process3.jpg\"><\/div>\n<div class=\"process-num\">03<\/div>\n<\/div>\n<div class=\"process-content\">\n<h4>Deuxi\u00e8me phase  Dur\u00e9e 7 jours<\/h4>\n<\/p>\n<\/div>\n<\/div>\n<\/div>\n<p><\/p>\n<\/div><\/div><br \/>\n<div style=\"height:100px\"><\/div><br \/>\n<div class=\"introduction-box right-side\"><div class=\"flex-element flex-wrap align-flex-vert row flex-reverse\"><div class=\"col-6\"><div class=\"about_fig wow zoomIn\" data-wow-duration=\"2s\"><img decoding=\"async\" src=\"https:\/\/flydemos.net\/toothwise\/wp-content\/uploads\/2024\/09\/gallery10.jpg\" alt=\"\"><\/div><\/div><!-- about_fig --><div class=\"about_content col-6\"><div class=\"inner_about_content wow zoomIn\" data-wow-duration=\"2s\"><div class=\"section_head\"><h2 class=\"section_title\">Garantie des implants haut de gamme<\/h2><\/div><p><p>\nNous utilisons des implants suisses Straumann de qualit\u00e9 fiable, adapt\u00e9s \u00e0 diff\u00e9rents cas implantaires, associ\u00e9s \u00e0 une technologie mini-invasive pour offrir une exp\u00e9rience s\u00fbre et haut de gamme.<\/p>\n<\/p><div class=\"flex-element align-flex-vert mt-30\"><\/div><\/div><\/div><!-- about_content --><div class=\"clear\"><\/div><\/div><\/div><!-- introduction box --><\/p>\n\r\n\t\t\t\t\t<\/div><!-- animation class -->\r\n\t\t\t\t<\/div><!-- container class -->\t\t\t\t\t\t\t\t\r\n\t\t\t<\/section><!-- section -->\n","protected":false},"excerpt":{"rendered":"","protected":false},"author":1,"featured_media":0,"parent":970,"menu_order":1,"comment_status":"closed","ping_status":"closed","template":"page-templates\/template-full-screen.php","meta":{"footnotes":""},"class_list":["post-2188","page","type-page","status-publish","hentry"],"_links":{"self":[{"href":"https:\/\/cndentalhospital.com\/index.php?rest_route=\/wp\/v2\/pages\/2188","targetHints":{"allow":["GET"]}}],"collection":[{"href":"https:\/\/cndentalhospital.com\/index.php?rest_route=\/wp\/v2\/pages"}],"about":[{"href":"https:\/\/cndentalhospital.com\/index.php?rest_route=\/wp\/v2\/types\/page"}],"author":[{"embeddable":true,"href":"https:\/\/cndentalhospital.com\/index.php?rest_route=\/wp\/v2\/users\/1"}],"replies":[{"embeddable":true,"href":"https:\/\/cndentalhospital.com\/index.php?rest_route=%2Fwp%2Fv2%2Fcomments&post=2188"}],"version-history":[{"count":0,"href":"https:\/\/cndentalhospital.com\/index.php?rest_route=\/wp\/v2\/pages\/2188\/revisions"}],"up":[{"embeddable":true,"href":"https:\/\/cndentalhospital.com\/index.php?rest_route=\/wp\/v2\/pages\/970"}],"wp:attachment":[{"href":"https:\/\/cndentalhospital.com\/index.php?rest_route=%2Fwp%2Fv2%2Fmedia&parent=2188"}],"curies":[{"name":"wp","href":"https:\/\/api.w.org\/{rel}","templated":true}]}}