{"id":2165,"date":"2026-04-29T19:00:15","date_gmt":"2026-04-29T11:00:15","guid":{"rendered":"https:\/\/cndentalhospital.com\/?page_id=2165"},"modified":"2026-04-29T19:00:15","modified_gmt":"2026-04-29T11:00:15","slug":"expert-team-es","status":"publish","type":"page","link":"https:\/\/cndentalhospital.com\/?page_id=2165&lang=es","title":{"rendered":"Equipo experto"},"content":{"rendered":"<section class=\"section-content \" style=\" background-color:#f7f7f7;\">\r\n\t\t\t\t<div class=\"container\">\r\n\t\t\t\t\t<div class=\"wow fadeIn\" data-wow-duration=\"3s\">\r\n\t\t\t\t\t\t<div class=\"section_head\">\r\n\t\t\t<h4 class=\"section_sub_title\"><span>Equipo experto<\/span><\/h4>\r\n\t\t\t<h2 class=\"section_title\">Conozca al equipo<span><\/span><\/h2>\r\n\t\t\t<p>Dirigido por dentistas certificados y experimentados, nuestro equipo cuenta con cualificaciones oficiales y certificaciones internacionales en implantolog\u00eda. Con t\u00e9cnicas estandarizadas y amplia experiencia cl\u00ednica, hemos completado m\u00e1s de 100000 casos de implantes.<\/p>\r\n\t\t<\/div><!-- section head -->\r\n\t\t\t\t\t\t<div class=\"team-member-wrap\"><div class=\"team-rotator owl-carousel owl-theme\"><div class=\"item\">\r\n\t\t\t\t\t<div class=\"teammember-list wow zoomIn\" data-wow-duration=\"3s\">\r\n\t\t\t\t\t\t<div class=\"team-thumbnail\">\r\n\t\t\t\t\t\t\t<img decoding=\"async\" src=\"https:\/\/cndentalhospital.com\/wp-content\/uploads\/2024\/09\/team6-600x750.jpg\" alt=\"\"\/>\r\n\t\t\t\t\t\t\t<a href=\"https:\/\/cndentalhospital.com\/?team=dr-ni\" class=\"link-expand\"><\/a><\/div><!-- team thumbnail -->\r\n\t\t\t\t\t\t<div class=\"team-content\">\r\n\t\t\t\t\t\t\t<div class=\"team-name\"><h4><a href=\"https:\/\/cndentalhospital.com\/?team=dr-ni\">Dr.Ni<\/a><\/h4><\/div>\r\n\t\t\t\t\t\t\t<span class=\"team-designation\">Restorative Dentist   Exp.8 Yrs <\/span>\r\n\t\t\t\t\t\t<\/div><!-- team content -->\r\n\t\t\t\t\t<\/div><!-- team member list -->\r\n\t\t\t\t<\/div><!-- item --><div class=\"item\">\r\n\t\t\t\t\t<div class=\"teammember-list wow zoomIn\" data-wow-duration=\"3s\">\r\n\t\t\t\t\t\t<div class=\"team-thumbnail\">\r\n\t\t\t\t\t\t\t<img decoding=\"async\" src=\"https:\/\/cndentalhospital.com\/wp-content\/uploads\/2024\/09\/team6-600x750.jpg\" alt=\"\"\/>\r\n\t\t\t\t\t\t\t<a href=\"https:\/\/cndentalhospital.com\/?team=dr-tao\" class=\"link-expand\"><\/a><\/div><!-- team thumbnail -->\r\n\t\t\t\t\t\t<div class=\"team-content\">\r\n\t\t\t\t\t\t\t<div class=\"team-name\"><h4><a href=\"https:\/\/cndentalhospital.com\/?team=dr-tao\">Dr.Tao<\/a><\/h4><\/div>\r\n\t\t\t\t\t\t\t<span class=\"team-designation\">Restorative Dentist   Exp.10 Yrs <\/span>\r\n\t\t\t\t\t\t<\/div><!-- team content -->\r\n\t\t\t\t\t<\/div><!-- team member list -->\r\n\t\t\t\t<\/div><!-- item --><div class=\"item\">\r\n\t\t\t\t\t<div class=\"teammember-list wow zoomIn\" data-wow-duration=\"3s\">\r\n\t\t\t\t\t\t<div class=\"team-thumbnail\">\r\n\t\t\t\t\t\t\t<img decoding=\"async\" src=\"https:\/\/cndentalhospital.com\/wp-content\/uploads\/2024\/09\/team6-600x750.jpg\" alt=\"\"\/>\r\n\t\t\t\t\t\t\t<a href=\"https:\/\/cndentalhospital.com\/?team=dr-xiao\" class=\"link-expand\"><\/a><\/div><!-- team thumbnail -->\r\n\t\t\t\t\t\t<div class=\"team-content\">\r\n\t\t\t\t\t\t\t<div class=\"team-name\"><h4><a href=\"https:\/\/cndentalhospital.com\/?team=dr-xiao\">Dr.Xiao<\/a><\/h4><\/div>\r\n\t\t\t\t\t\t\t<span class=\"team-designation\">Pediatric Dentist   Exp.10 Yrs <\/span>\r\n\t\t\t\t\t\t<\/div><!-- team content -->\r\n\t\t\t\t\t<\/div><!-- team member list -->\r\n\t\t\t\t<\/div><!-- item --><div class=\"item\">\r\n\t\t\t\t\t<div class=\"teammember-list wow zoomIn\" data-wow-duration=\"3s\">\r\n\t\t\t\t\t\t<div class=\"team-thumbnail\">\r\n\t\t\t\t\t\t\t<img decoding=\"async\" src=\"https:\/\/cndentalhospital.com\/wp-content\/themes\/toothwise-pro\/images\/img_404.png\" alt=\"\"\/>\r\n\t\t\t\t\t\t\t<a href=\"https:\/\/cndentalhospital.com\/?team=dr-xu\" class=\"link-expand\"><\/a><\/div><!-- team thumbnail -->\r\n\t\t\t\t\t\t<div class=\"team-content\">\r\n\t\t\t\t\t\t\t<div class=\"team-name\"><h4><a href=\"https:\/\/cndentalhospital.com\/?team=dr-xu\">Dr.Xu<\/a><\/h4><\/div>\r\n\t\t\t\t\t\t\t<span class=\"team-designation\">Pediatric Dentist   Exp. 12 Yrs <\/span>\r\n\t\t\t\t\t\t<\/div><!-- team content -->\r\n\t\t\t\t\t<\/div><!-- team member list -->\r\n\t\t\t\t<\/div><!-- item --><div class=\"item\">\r\n\t\t\t\t\t<div class=\"teammember-list wow zoomIn\" data-wow-duration=\"3s\">\r\n\t\t\t\t\t\t<div class=\"team-thumbnail\">\r\n\t\t\t\t\t\t\t<img decoding=\"async\" src=\"https:\/\/cndentalhospital.com\/wp-content\/uploads\/2024\/09\/team6-600x750.jpg\" alt=\"\"\/>\r\n\t\t\t\t\t\t\t<a href=\"https:\/\/cndentalhospital.com\/?team=dr-li\" class=\"link-expand\"><\/a><\/div><!-- team thumbnail -->\r\n\t\t\t\t\t\t<div class=\"team-content\">\r\n\t\t\t\t\t\t\t<div class=\"team-name\"><h4><a href=\"https:\/\/cndentalhospital.com\/?team=dr-li\">Dr.Li<\/a><\/h4><\/div>\r\n\t\t\t\t\t\t\t<span class=\"team-designation\">Implant dentist   Exp.13 Yrs <\/span>\r\n\t\t\t\t\t\t<\/div><!-- team content -->\r\n\t\t\t\t\t<\/div><!-- team member list -->\r\n\t\t\t\t<\/div><!-- item --><div class=\"item\">\r\n\t\t\t\t\t<div class=\"teammember-list wow zoomIn\" data-wow-duration=\"3s\">\r\n\t\t\t\t\t\t<div class=\"team-thumbnail\">\r\n\t\t\t\t\t\t\t<img decoding=\"async\" src=\"https:\/\/cndentalhospital.com\/wp-content\/themes\/toothwise-pro\/images\/img_404.png\" alt=\"\"\/>\r\n\t\t\t\t\t\t\t<a href=\"https:\/\/cndentalhospital.com\/?team=dr-wan\" class=\"link-expand\"><\/a><\/div><!-- team thumbnail -->\r\n\t\t\t\t\t\t<div class=\"team-content\">\r\n\t\t\t\t\t\t\t<div class=\"team-name\"><h4><a href=\"https:\/\/cndentalhospital.com\/?team=dr-wan\">Dr.Wan<\/a><\/h4><\/div>\r\n\t\t\t\t\t\t\t<span class=\"team-designation\">Implant dentist  Exp. 11 Yrs <\/span>\r\n\t\t\t\t\t\t<\/div><!-- team content -->\r\n\t\t\t\t\t<\/div><!-- team member list -->\r\n\t\t\t\t<\/div><!-- item --><div class=\"item\">\r\n\t\t\t\t\t<div class=\"teammember-list wow zoomIn\" data-wow-duration=\"3s\">\r\n\t\t\t\t\t\t<div class=\"team-thumbnail\">\r\n\t\t\t\t\t\t\t<img decoding=\"async\" src=\"https:\/\/cndentalhospital.com\/wp-content\/uploads\/2024\/09\/team6-600x750.jpg\" alt=\"\"\/>\r\n\t\t\t\t\t\t\t<a href=\"https:\/\/cndentalhospital.com\/?team=bi-jinnan-executive-vice-president\" class=\"link-expand\"><\/a><\/div><!-- team thumbnail -->\r\n\t\t\t\t\t\t<div class=\"team-content\">\r\n\t\t\t\t\t\t\t<div class=\"team-name\"><h4><a href=\"https:\/\/cndentalhospital.com\/?team=bi-jinnan-executive-vice-president\">Dr.Bi<\/a><\/h4><\/div>\r\n\t\t\t\t\t\t\t<span class=\"team-designation\">Implant dentist   Exp.19 Yrs<\/span>\r\n\t\t\t\t\t\t<\/div><!-- team content -->\r\n\t\t\t\t\t<\/div><!-- team member list -->\r\n\t\t\t\t<\/div><!-- item --><div class=\"item\">\r\n\t\t\t\t\t<div class=\"teammember-list wow zoomIn\" data-wow-duration=\"3s\">\r\n\t\t\t\t\t\t<div class=\"team-thumbnail\">\r\n\t\t\t\t\t\t\t<img decoding=\"async\" src=\"https:\/\/cndentalhospital.com\/wp-content\/uploads\/2024\/09\/team6-600x750.jpg\" alt=\"\"\/>\r\n\t\t\t\t\t\t\t<a href=\"https:\/\/cndentalhospital.com\/?team=dr-qiu\" class=\"link-expand\"><\/a><\/div><!-- team thumbnail -->\r\n\t\t\t\t\t\t<div class=\"team-content\">\r\n\t\t\t\t\t\t\t<div class=\"team-name\"><h4><a href=\"https:\/\/cndentalhospital.com\/?team=dr-qiu\">Dr.Qiu<\/a><\/h4><\/div>\r\n\t\t\t\t\t\t\t<span class=\"team-designation\">Implant dentist    Exp.28 Yrs<\/span>\r\n\t\t\t\t\t\t<\/div><!-- team content -->\r\n\t\t\t\t\t<\/div><!-- team member list -->\r\n\t\t\t\t<\/div><!-- item --><\/div><\/div>\n\r\n\t\t\t\t\t<\/div><!-- animation class -->\r\n\t\t\t\t<\/div><!-- container class -->\t\t\t\t\t\t\t\t\r\n\t\t\t<\/section><!-- section -->\n<section class=\"section-content pt-100 pb-100\" style=\" \">\r\n\t\t\t\t<div class=\"container\">\r\n\t\t\t\t\t<div class=\"wow fadeIn\" data-wow-duration=\"3s\">\r\n\t\t\t\t\t\t\r\n\t\t\t\t\t\t<div class=\"video-box-vid\">\r\n\t\t<img decoding=\"async\" src=\"https:\/\/flydemos.net\/toothwise\/wp-content\/uploads\/2024\/09\/popup-bg.jpg\">\r\n\t\t<div class=\"vid-icon\">\r\n\t\t\t<a data-fancybox data-width=\"1060\" data-height=\"600\" href=\"https:\/\/vimeo.com\/782040591\"><i class=\"fas fa-play\"><\/i><\/a>\r\n\t\t<\/div>\r\n\t<\/div>\n\r\n\t\t\t\t\t<\/div><!-- animation class -->\r\n\t\t\t\t<\/div><!-- container class -->\t\t\t\t\t\t\t\t\r\n\t\t\t<\/section><!-- section -->\n","protected":false},"excerpt":{"rendered":"","protected":false},"author":1,"featured_media":0,"parent":558,"menu_order":4,"comment_status":"closed","ping_status":"closed","template":"page-templates\/template-full-screen.php","meta":{"footnotes":""},"class_list":["post-2165","page","type-page","status-publish","hentry"],"_links":{"self":[{"href":"https:\/\/cndentalhospital.com\/index.php?rest_route=\/wp\/v2\/pages\/2165","targetHints":{"allow":["GET"]}}],"collection":[{"href":"https:\/\/cndentalhospital.com\/index.php?rest_route=\/wp\/v2\/pages"}],"about":[{"href":"https:\/\/cndentalhospital.com\/index.php?rest_route=\/wp\/v2\/types\/page"}],"author":[{"embeddable":true,"href":"https:\/\/cndentalhospital.com\/index.php?rest_route=\/wp\/v2\/users\/1"}],"replies":[{"embeddable":true,"href":"https:\/\/cndentalhospital.com\/index.php?rest_route=%2Fwp%2Fv2%2Fcomments&post=2165"}],"version-history":[{"count":0,"href":"https:\/\/cndentalhospital.com\/index.php?rest_route=\/wp\/v2\/pages\/2165\/revisions"}],"up":[{"embeddable":true,"href":"https:\/\/cndentalhospital.com\/index.php?rest_route=\/wp\/v2\/pages\/558"}],"wp:attachment":[{"href":"https:\/\/cndentalhospital.com\/index.php?rest_route=%2Fwp%2Fv2%2Fmedia&parent=2165"}],"curies":[{"name":"wp","href":"https:\/\/api.w.org\/{rel}","templated":true}]}}