{"id":2157,"date":"2026-04-29T19:00:15","date_gmt":"2026-04-29T11:00:15","guid":{"rendered":"https:\/\/cndentalhospital.com\/?page_id=2157"},"modified":"2026-04-29T19:00:15","modified_gmt":"2026-04-29T11:00:15","slug":"hospital-strength-fr","status":"publish","type":"page","link":"https:\/\/cndentalhospital.com\/?page_id=2157&lang=fr","title":{"rendered":"Atouts de l\u2019h\u00f4pital"},"content":{"rendered":"<section class=\"section-content pb-80\" style=\" \">\r\n\t\t\t\t<div class=\"container\">\r\n\t\t\t\t\t<div class=\"wow \" data-wow-duration=\"3s\">\r\n\t\t\t\t\t\t\r\n\t\t\t\t\t\t<p>\n<div class=\"section_head\"><h4 class=\"section_sub_title\"><span>Installations que nous proposons<\/span><\/h4><h2 class=\"section_title\">Environnement standardis\u00e9 et confortable<\/h2><p>Notre h\u00f4pital offre un environnement propre et confortable, avec une disposition bien pens\u00e9e et des installations compl\u00e8tes. Sur pr\u00e8s de 8 000 m\u00e8tres carr\u00e9s et avec plus de 80 fauteuils dentaires, nous pouvons recevoir de nombreux patients simultan\u00e9ment. Les zones fonctionnelles standardis\u00e9es, notamment blocs op\u00e9ratoires, centres de st\u00e9rilisation, imagerie num\u00e9rique et laboratoires, garantissent des soins s\u00fbrs et de haute qualit\u00e9.<\/p><\/div><br \/>\n<div class=\"gallery-wrap\"><div class=\"text-center error_msg\" style=\"display:table; margin:0 auto;\">Sorry, No photos in Gallery.<\/div><\/div><\/p>\n\r\n\t\t\t\t\t<\/div><!-- animation class -->\r\n\t\t\t\t<\/div><!-- container class -->\t\t\t\t\t\t\t\t\r\n\t\t\t<\/section><!-- section -->\n<section class=\"section-content \" style=\" background-color:#091D3E;\">\r\n\t\t\t\t<div class=\"container\">\r\n\t\t\t\t\t<div class=\"wow fadeIn\" data-wow-duration=\"3s\">\r\n\t\t\t\t\t\t\r\n\t\t\t\t\t\t<div class=\"counter-main flex-element row flex-wrap\"><div class=\"col\">\n\t\t<div class=\"counter-box\">\t\r\n\t\t\t<div class=\"inner-counter\">\r\n\t\t\t\t<div class=\"count-icon\">\r\n\t\t\t\t\t<i class=\"fa-sharp fa-thin fa-trophy\"><\/i>\r\n\t\t\t\t<\/div>\r\n\t\t\t\t<div class=\"count-content\">\r\n\t\t\t\t\t<h3 class=\"counter\" style=\"color:#ffffff;\">21<\/h3><span style=\"color:#ffffff\">+<\/span>\r\n\t\t\t\t\t<h6 class=\"counter-ttl\" style=\"color:#ffffff\">21 ans d\u2019histoire<\/h6>\r\n\t\t\t\t<\/div>\r\n\t\t\t<\/div>\r\n\t\t<\/div>\r\n\t<\/div><div class=\"col\">\n\t\t<div class=\"counter-box\">\t\r\n\t\t\t<div class=\"inner-counter\">\r\n\t\t\t\t<div class=\"count-icon\">\r\n\t\t\t\t\t<i class=\"fa-sharp fa-thin fa-user-doctor\"><\/i>\r\n\t\t\t\t<\/div>\r\n\t\t\t\t<div class=\"count-content\">\r\n\t\t\t\t\t<h3 class=\"counter\" style=\"color:#ffffff;\">8000<\/h3><span style=\"color:#ffffff\">+<\/span>\r\n\t\t\t\t\t<h6 class=\"counter-ttl\" style=\"color:#ffffff\">Locaux de 8 000 \u33a1<\/h6>\r\n\t\t\t\t<\/div>\r\n\t\t\t<\/div>\r\n\t\t<\/div>\r\n\t<\/div><div class=\"col\">\n\t\t<div class=\"counter-box\">\t\r\n\t\t\t<div class=\"inner-counter\">\r\n\t\t\t\t<div class=\"count-icon\">\r\n\t\t\t\t\t<i class=\"fa-sharp fa-thin fa-handshake\"><\/i>\r\n\t\t\t\t<\/div>\r\n\t\t\t\t<div class=\"count-content\">\r\n\t\t\t\t\t<h3 class=\"counter\" style=\"color:#ffffff;\">30<\/h3><span style=\"color:#ffffff\">+<\/span>\r\n\t\t\t\t\t<h6 class=\"counter-ttl\" style=\"color:#ffffff\">30+ dentistes professionnels<\/h6>\r\n\t\t\t\t<\/div>\r\n\t\t\t<\/div>\r\n\t\t<\/div>\r\n\t<\/div><div class=\"col\">\n\t\t<div class=\"counter-box\">\t\r\n\t\t\t<div class=\"inner-counter\">\r\n\t\t\t\t<div class=\"count-icon\">\r\n\t\t\t\t\t<i class=\"fa-sharp fa-thin fa-face-smile\"><\/i>\r\n\t\t\t\t<\/div>\r\n\t\t\t\t<div class=\"count-content\">\r\n\t\t\t\t\t<h3 class=\"counter\" style=\"color:#ffffff;\">500000<\/h3><span style=\"color:#ffffff\">+<\/span>\r\n\t\t\t\t\t<h6 class=\"counter-ttl\" style=\"color:#ffffff\">500 000 patients servis<\/h6>\r\n\t\t\t\t<\/div>\r\n\t\t\t<\/div>\r\n\t\t<\/div>\r\n\t<\/div><\/div>\n\r\n\t\t\t\t\t<\/div><!-- animation class -->\r\n\t\t\t\t<\/div><!-- container class -->\t\t\t\t\t\t\t\t\r\n\t\t\t<\/section><!-- section -->\n<section class=\"section-content pb-80\" style=\" \">\r\n\t\t\t\t<div class=\"container\">\r\n\t\t\t\t\t<div class=\"wow \" data-wow-duration=\"3s\">\r\n\t\t\t\t\t\t\r\n\t\t\t\t\t\t<p>\n<div class=\"section_head\"><h2 class=\"section_title\">\u00c9quipements avanc\u00e9s<\/h2><p>Notre h\u00f4pital utilise des \u00e9quipements dentaires avanc\u00e9s import\u00e9s d\u2019Europe, notamment CBCT, syst\u00e8me d\u2019impression 3D, scanner iTero, microscope dentaire, pi\u00e9zotome et laser th\u00e9rapeutique. Ces installations permettent des soins efficaces, pr\u00e9cis et confortables.<\/p><\/div><br \/>\n<div class=\"gallery-wrap\"><div class=\"text-center error_msg\" style=\"display:table; margin:0 auto;\">Sorry, No photos in Gallery.<\/div><\/div><\/p>\n\r\n\t\t\t\t\t<\/div><!-- animation class -->\r\n\t\t\t\t<\/div><!-- container class -->\t\t\t\t\t\t\t\t\r\n\t\t\t<\/section><!-- section -->\n","protected":false},"excerpt":{"rendered":"","protected":false},"author":1,"featured_media":0,"parent":552,"menu_order":3,"comment_status":"closed","ping_status":"closed","template":"page-templates\/template-full-screen.php","meta":{"footnotes":""},"class_list":["post-2157","page","type-page","status-publish","hentry"],"_links":{"self":[{"href":"https:\/\/cndentalhospital.com\/index.php?rest_route=\/wp\/v2\/pages\/2157","targetHints":{"allow":["GET"]}}],"collection":[{"href":"https:\/\/cndentalhospital.com\/index.php?rest_route=\/wp\/v2\/pages"}],"about":[{"href":"https:\/\/cndentalhospital.com\/index.php?rest_route=\/wp\/v2\/types\/page"}],"author":[{"embeddable":true,"href":"https:\/\/cndentalhospital.com\/index.php?rest_route=\/wp\/v2\/users\/1"}],"replies":[{"embeddable":true,"href":"https:\/\/cndentalhospital.com\/index.php?rest_route=%2Fwp%2Fv2%2Fcomments&post=2157"}],"version-history":[{"count":0,"href":"https:\/\/cndentalhospital.com\/index.php?rest_route=\/wp\/v2\/pages\/2157\/revisions"}],"up":[{"embeddable":true,"href":"https:\/\/cndentalhospital.com\/index.php?rest_route=\/wp\/v2\/pages\/552"}],"wp:attachment":[{"href":"https:\/\/cndentalhospital.com\/index.php?rest_route=%2Fwp%2Fv2%2Fmedia&parent=2157"}],"curies":[{"name":"wp","href":"https:\/\/api.w.org\/{rel}","templated":true}]}}