{"id":2152,"date":"2026-04-29T19:00:15","date_gmt":"2026-04-29T11:00:15","guid":{"rendered":"https:\/\/cndentalhospital.com\/?page_id=2152"},"modified":"2026-04-29T19:00:15","modified_gmt":"2026-04-29T11:00:15","slug":"reasons-for-xiaoshan-dental-hospital-fr","status":"publish","type":"page","link":"https:\/\/cndentalhospital.com\/?page_id=2152&lang=fr","title":{"rendered":"Pourquoi choisir Xiaoshan Dental Hospital"},"content":{"rendered":"<section class=\"section-content \" style=\" background-color:#f7f7f7;\">\r\n\t\t\t\t<div class=\"container\">\r\n\t\t\t\t\t<div class=\"wow fadeIn\" data-wow-duration=\"3s\">\r\n\t\t\t\t\t\t<div class=\"section_head\">\r\n\t\t\t<h4 class=\"section_sub_title\"><span>Pourquoi choisir Xiaoshan Dental Hospital<\/span><\/h4>\r\n\t\t\t<h2 class=\"section_title\">Pourquoi les patients choisissent notre clinique dentaire<span><\/span><\/h2>\r\n\t\t\t<p>Avec des m\u00e9decins exp\u00e9riment\u00e9s, une technologie avanc\u00e9e et des services attentionn\u00e9s, nous cr\u00e9ons des solutions dentaires personnalis\u00e9es pour chaque patient.<\/p>\r\n\t\t<\/div><!-- section head -->\r\n\t\t\t\t\t\t<div class=\"flex-element row flex-wrap \"><div class=\"col-4 tab-col-6 \">\n<div class=\"iconbox style1 wow zoomIn\" data-wow-duration=\"2s\">\n<div class=\"iconbox-icon\">\n<div class=\"iconbox-icon-inner\"><i class=\"fa-thin fa-handshake\"><\/i><\/div>\n<\/div>\n<div class=\"iconbox-content\">\n<h4><a href=\"#\">\u00c9quipe professionnelle<\/a><\/h4>\n<p> Des m\u00e9decins exp\u00e9riment\u00e9s offrent des soins dentaires pr\u00e9cis et fiables. <\/p>\n<\/div>\n<\/div>\n<\/div>\n<div class=\"col-4 tab-col-6 \">\n<div class=\"iconbox style1 wow zoomIn\" data-wow-duration=\"2s\">\n<div class=\"iconbox-icon\">\n<div class=\"iconbox-icon-inner\"><i class=\"fa-thin fa-user-doctor-hair-long\"><\/i><\/div>\n<\/div>\n<div class=\"iconbox-content\">\n<h4><a href=\"#\">\u00c9quipements haut de gamme<\/a><\/h4>\n<p> Nous utilisons des \u00e9quipements import\u00e9s haut de gamme pour garantir des traitements pr\u00e9cis et efficaces. <\/p>\n<\/div>\n<\/div>\n<\/div>\n<div class=\"col-4 tab-col-6 \">\n<div class=\"iconbox style1 wow zoomIn\" data-wow-duration=\"2s\">\n<div class=\"iconbox-icon\">\n<div class=\"iconbox-icon-inner\"><i class=\"fa-thin fa-circle-dollar\"><\/i><\/div>\n<\/div>\n<div class=\"iconbox-content\">\n<h4><a href=\"#\">Environnement confortable<\/a><\/h4>\n<p> Un espace chaleureux et apaisant pour vous aider \u00e0 rester d\u00e9tendu pendant vos visites.<\/p>\n<\/div>\n<\/div>\n<\/div>\n<div class=\"col-4 tab-col-6 \">\n<div class=\"iconbox style1 wow zoomIn\" data-wow-duration=\"2s\">\n<div class=\"iconbox-icon\">\n<div class=\"iconbox-icon-inner\"><i class=\"fa-thin fa-light-emergency-on\"><\/i><\/div>\n<\/div>\n<div class=\"iconbox-content\">\n<h4><a href=\"#\">Prix raisonnables<\/a><\/h4>\n<p> Tarification transparente et \u00e9quitable pour des services dentaires de qualit\u00e9. <\/p>\n<\/div>\n<\/div>\n<\/div>\n<\/div>\n\r\n\t\t\t\t\t<\/div><!-- animation class -->\r\n\t\t\t\t<\/div><!-- container class -->\t\t\t\t\t\t\t\t\r\n\t\t\t<\/section><!-- section -->\n","protected":false},"excerpt":{"rendered":"","protected":false},"author":1,"featured_media":0,"parent":552,"menu_order":2,"comment_status":"closed","ping_status":"closed","template":"page-templates\/template-full-screen.php","meta":{"footnotes":""},"class_list":["post-2152","page","type-page","status-publish","hentry"],"_links":{"self":[{"href":"https:\/\/cndentalhospital.com\/index.php?rest_route=\/wp\/v2\/pages\/2152","targetHints":{"allow":["GET"]}}],"collection":[{"href":"https:\/\/cndentalhospital.com\/index.php?rest_route=\/wp\/v2\/pages"}],"about":[{"href":"https:\/\/cndentalhospital.com\/index.php?rest_route=\/wp\/v2\/types\/page"}],"author":[{"embeddable":true,"href":"https:\/\/cndentalhospital.com\/index.php?rest_route=\/wp\/v2\/users\/1"}],"replies":[{"embeddable":true,"href":"https:\/\/cndentalhospital.com\/index.php?rest_route=%2Fwp%2Fv2%2Fcomments&post=2152"}],"version-history":[{"count":0,"href":"https:\/\/cndentalhospital.com\/index.php?rest_route=\/wp\/v2\/pages\/2152\/revisions"}],"up":[{"embeddable":true,"href":"https:\/\/cndentalhospital.com\/index.php?rest_route=\/wp\/v2\/pages\/552"}],"wp:attachment":[{"href":"https:\/\/cndentalhospital.com\/index.php?rest_route=%2Fwp%2Fv2%2Fmedia&parent=2152"}],"curies":[{"name":"wp","href":"https:\/\/api.w.org\/{rel}","templated":true}]}}