{"id":2150,"date":"2026-04-29T19:00:15","date_gmt":"2026-04-29T11:00:15","guid":{"rendered":"https:\/\/cndentalhospital.com\/?page_id=2150"},"modified":"2026-04-29T19:00:15","modified_gmt":"2026-04-29T11:00:15","slug":"about-our-hospital-es","status":"publish","type":"page","link":"https:\/\/cndentalhospital.com\/?page_id=2150&lang=es","title":{"rendered":"Sobre nuestro hospital"},"content":{"rendered":"<section class=\"section-content \" style=\" \">\r\n\t\t\t\t<div class=\"container\">\r\n\t\t\t\t\t<div class=\"wow fadeIn\" data-wow-duration=\"3s\">\r\n\t\t\t\t\t\t\r\n\t\t\t\t\t\t<div class=\"introduction-box right-side\"><div class=\"flex-element flex-wrap align-flex-vert row flex-reverse\"><div class=\"col-6\"><div class=\"about_fig wow zoomIn\" data-wow-duration=\"2s\"><img decoding=\"async\" src=\"https:\/\/flydemos.net\/toothwise\/wp-content\/themes\/toothwise-pro\/images\/about.png\" alt=\"\"><\/div><\/div><!-- about_fig --><div class=\"about_content col-6\"><div class=\"inner_about_content wow zoomIn\" data-wow-duration=\"2s\"><div class=\"section_head\"><h4 class=\"section_sub_title\"><span>Sobre nuestro hospital<\/span><\/h4><h2 class=\"section_title\">Su sonrisa perfecta comienza en Xiaoshan Dental Hospital.<\/h2><\/div><p><p> Con 21 a\u00f1os de experiencia, somos una cl\u00ednica dental general reconocida, con equipos profesionales y tecnolog\u00eda avanzada. <\/p>\n<div style=\"height:10px\"><\/div>\n<div class=\"iconbox style2 wow zoomIn\" data-wow-duration=\"2s\">\n<div class=\"iconbox-icon\">\n<div class=\"iconbox-icon-inner\"><i class=\"fa-thin fa-tooth\"><\/i><\/div>\n<\/div>\n<div class=\"iconbox-content\">\n<h4><a href=\"#\">Atenci\u00f3n integral en un solo lugar<\/a><\/h4>\n<p> Ofrecemos implantolog\u00eda, ortodoncia, odontopediatr\u00eda, restauraci\u00f3n est\u00e9tica y odontolog\u00eda general para todas las edades. <\/p>\n<\/div>\n<\/div>\n<div style=\"height:10px\"><\/div>\n<div class=\"iconbox style2 wow zoomIn\" data-wow-duration=\"2s\">\n<div class=\"iconbox-icon\">\n<div class=\"iconbox-icon-inner\"><i class=\"fa-thin fa-scalpel-line-dashed\"><\/i><\/div>\n<\/div>\n<div class=\"iconbox-content\">\n<h4><a href=\"#\">Tratamiento con sedaci\u00f3n c\u00f3moda<\/a><\/h4>\n<p> La sedaci\u00f3n avanzada reduce la ansiedad dental y garantiza tratamientos seguros, suaves e indoloros para adultos y ni\u00f1os.<\/p>\n<\/div>\n<\/div>\n<div style=\"height:10px\"><\/div>\n<\/p><div class=\"flex-element align-flex-vert mt-30\"><div class=\"about-btn\"><a href=\"#\" class=\"main-button\"><span>M\u00e1s sobre nosotros<\/span><\/a><\/div><\/div><\/div><\/div><!-- about_content --><div class=\"clear\"><\/div><\/div><\/div><!-- introduction box -->\n\r\n\t\t\t\t\t<\/div><!-- animation class -->\r\n\t\t\t\t<\/div><!-- container class -->\t\t\t\t\t\t\t\t\r\n\t\t\t<\/section><!-- section -->\n","protected":false},"excerpt":{"rendered":"","protected":false},"author":1,"featured_media":0,"parent":558,"menu_order":1,"comment_status":"closed","ping_status":"closed","template":"page-templates\/template-full-screen.php","meta":{"footnotes":""},"class_list":["post-2150","page","type-page","status-publish","hentry"],"_links":{"self":[{"href":"https:\/\/cndentalhospital.com\/index.php?rest_route=\/wp\/v2\/pages\/2150","targetHints":{"allow":["GET"]}}],"collection":[{"href":"https:\/\/cndentalhospital.com\/index.php?rest_route=\/wp\/v2\/pages"}],"about":[{"href":"https:\/\/cndentalhospital.com\/index.php?rest_route=\/wp\/v2\/types\/page"}],"author":[{"embeddable":true,"href":"https:\/\/cndentalhospital.com\/index.php?rest_route=\/wp\/v2\/users\/1"}],"replies":[{"embeddable":true,"href":"https:\/\/cndentalhospital.com\/index.php?rest_route=%2Fwp%2Fv2%2Fcomments&post=2150"}],"version-history":[{"count":0,"href":"https:\/\/cndentalhospital.com\/index.php?rest_route=\/wp\/v2\/pages\/2150\/revisions"}],"up":[{"embeddable":true,"href":"https:\/\/cndentalhospital.com\/index.php?rest_route=\/wp\/v2\/pages\/558"}],"wp:attachment":[{"href":"https:\/\/cndentalhospital.com\/index.php?rest_route=%2Fwp%2Fv2%2Fmedia&parent=2150"}],"curies":[{"name":"wp","href":"https:\/\/api.w.org\/{rel}","templated":true}]}}