{"id":2147,"date":"2026-04-29T19:00:15","date_gmt":"2026-04-29T11:00:15","guid":{"rendered":"https:\/\/cndentalhospital.com\/?page_id=2147"},"modified":"2026-04-29T19:00:15","modified_gmt":"2026-04-29T11:00:15","slug":"about-our-hospital-fr","status":"publish","type":"page","link":"https:\/\/cndentalhospital.com\/?page_id=2147&lang=fr","title":{"rendered":"\u00c0 propos de notre h\u00f4pital"},"content":{"rendered":"<section class=\"section-content \" style=\" \">\r\n\t\t\t\t<div class=\"container\">\r\n\t\t\t\t\t<div class=\"wow fadeIn\" data-wow-duration=\"3s\">\r\n\t\t\t\t\t\t\r\n\t\t\t\t\t\t<div class=\"introduction-box right-side\"><div class=\"flex-element flex-wrap align-flex-vert row flex-reverse\"><div class=\"col-6\"><div class=\"about_fig wow zoomIn\" data-wow-duration=\"2s\"><img decoding=\"async\" src=\"https:\/\/flydemos.net\/toothwise\/wp-content\/themes\/toothwise-pro\/images\/about.png\" alt=\"\"><\/div><\/div><!-- about_fig --><div class=\"about_content col-6\"><div class=\"inner_about_content wow zoomIn\" data-wow-duration=\"2s\"><div class=\"section_head\"><h4 class=\"section_sub_title\"><span>\u00c0 propos de notre h\u00f4pital<\/span><\/h4><h2 class=\"section_title\">Votre sourire parfait commence avec Xiaoshan Dental Hospital.<\/h2><\/div><p><p> Avec 21 ans d\u2019exp\u00e9rience, nous sommes une clinique dentaire g\u00e9n\u00e9rale reconnue, dot\u00e9e d\u2019\u00e9quipes professionnelles et d\u2019\u00e9quipements avanc\u00e9s. <\/p>\n<div style=\"height:10px\"><\/div>\n<div class=\"iconbox style2 wow zoomIn\" data-wow-duration=\"2s\">\n<div class=\"iconbox-icon\">\n<div class=\"iconbox-icon-inner\"><i class=\"fa-thin fa-tooth\"><\/i><\/div>\n<\/div>\n<div class=\"iconbox-content\">\n<h4><a href=\"#\">Soins complets en un seul lieu<\/a><\/h4>\n<p> Nous proposons implantologie, orthodontie, dentisterie p\u00e9diatrique, restauration esth\u00e9tique et soins g\u00e9n\u00e9raux pour tous les \u00e2ges. <\/p>\n<\/div>\n<\/div>\n<div style=\"height:10px\"><\/div>\n<div class=\"iconbox style2 wow zoomIn\" data-wow-duration=\"2s\">\n<div class=\"iconbox-icon\">\n<div class=\"iconbox-icon-inner\"><i class=\"fa-thin fa-scalpel-line-dashed\"><\/i><\/div>\n<\/div>\n<div class=\"iconbox-content\">\n<h4><a href=\"#\">Traitement sous s\u00e9dation confortable<\/a><\/h4>\n<p> La s\u00e9dation avanc\u00e9e r\u00e9duit l\u2019anxi\u00e9t\u00e9 dentaire et assure des soins s\u00fbrs, doux et indolores pour adultes et enfants.<\/p>\n<\/div>\n<\/div>\n<div style=\"height:10px\"><\/div>\n<\/p><div class=\"flex-element align-flex-vert mt-30\"><div class=\"about-btn\"><a href=\"#\" class=\"main-button\"><span>En savoir plus<\/span><\/a><\/div><\/div><\/div><\/div><!-- about_content --><div class=\"clear\"><\/div><\/div><\/div><!-- introduction box -->\n\r\n\t\t\t\t\t<\/div><!-- animation class -->\r\n\t\t\t\t<\/div><!-- container class -->\t\t\t\t\t\t\t\t\r\n\t\t\t<\/section><!-- section -->\n","protected":false},"excerpt":{"rendered":"","protected":false},"author":1,"featured_media":0,"parent":552,"menu_order":1,"comment_status":"closed","ping_status":"closed","template":"page-templates\/template-full-screen.php","meta":{"footnotes":""},"class_list":["post-2147","page","type-page","status-publish","hentry"],"_links":{"self":[{"href":"https:\/\/cndentalhospital.com\/index.php?rest_route=\/wp\/v2\/pages\/2147","targetHints":{"allow":["GET"]}}],"collection":[{"href":"https:\/\/cndentalhospital.com\/index.php?rest_route=\/wp\/v2\/pages"}],"about":[{"href":"https:\/\/cndentalhospital.com\/index.php?rest_route=\/wp\/v2\/types\/page"}],"author":[{"embeddable":true,"href":"https:\/\/cndentalhospital.com\/index.php?rest_route=\/wp\/v2\/users\/1"}],"replies":[{"embeddable":true,"href":"https:\/\/cndentalhospital.com\/index.php?rest_route=%2Fwp%2Fv2%2Fcomments&post=2147"}],"version-history":[{"count":0,"href":"https:\/\/cndentalhospital.com\/index.php?rest_route=\/wp\/v2\/pages\/2147\/revisions"}],"up":[{"embeddable":true,"href":"https:\/\/cndentalhospital.com\/index.php?rest_route=\/wp\/v2\/pages\/552"}],"wp:attachment":[{"href":"https:\/\/cndentalhospital.com\/index.php?rest_route=%2Fwp%2Fv2%2Fmedia&parent=2147"}],"curies":[{"name":"wp","href":"https:\/\/api.w.org\/{rel}","templated":true}]}}