{"id":1088,"date":"2024-09-17T06:55:41","date_gmt":"2024-09-17T06:55:41","guid":{"rendered":"http:\/\/dental-hospital.test\/?page_id=1088"},"modified":"2024-09-17T06:55:41","modified_gmt":"2024-09-17T06:55:41","slug":"tabs-accordion-es","status":"publish","type":"page","link":"https:\/\/cndentalhospital.com\/?page_id=1088&lang=es","title":{"rendered":"Pesta\u00f1as y acorde\u00f3n"},"content":{"rendered":"<h3>Pesta\u00f1as<\/h3>\n<p>\\\\n<div class=\"tabs-wrapper\"><ul class=\"tabs\"><li><a rel=\"tab474\" href=\"javascript:void(0)\">Pesta\u00f1a 1<\/a><div id=\"tab474\" class=\"tab-content\"><p> Este es un texto de ejemplo para el contenido de una pesta\u00f1a y puede sustituirse por servicios, preguntas frecuentes u otra informaci\u00f3n agrupada.  <\/p>\n<\/div><\/li><li><a rel=\"tab209\" href=\"javascript:void(0)\">Pesta\u00f1a 2<\/a><div id=\"tab209\" class=\"tab-content\"><p> Este es un segundo ejemplo de contenido de pesta\u00f1a que puedes adaptar con informaci\u00f3n m\u00e1s detallada seg\u00fan el tema. <\/p>\n<\/div><\/li><li><a rel=\"tab649\" href=\"javascript:void(0)\">Pesta\u00f1a 3<\/a><div id=\"tab649\" class=\"tab-content\"><p> Este es un tercer ejemplo de contenido de pesta\u00f1a que puede usarse para mostrar otra categor\u00eda de informaci\u00f3n, una ventaja o una aclaraci\u00f3n \u00fatil.  <\/p>\n<\/div><\/li><\/ul><\/div><br \/>\n\\\\n<\/p>\n<pre><strong>Shortcode:<\/strong><br>[<code>tabs<\/code>][<code>tab title=\"Tab Title 1\"<\/code>] Vestibulum vehicula suscipit arcu. In ut nibh ut arcu eleifend elementum. Donec eros sem, rhoncus in lorem et, semper feugiat erat. Mauris imperdiet rhoncus dui ac vulputate. [<code>\/tab<\/code>][<code>tab title=\"Tab Title 2\"<\/code>] Vestibulum vehicula suscipit arcu. In ut nibh ut arcu eleifend elementum. Donec eros sem, rhoncus in lorem et, semper feugiat erat. Mauris imperdiet rhoncus dui ac vulputate. Sed ut placerat quam. [<code>\/tab<\/code>][<code>tab title=\"Tab Title 3\"<\/code>] Vestibulum vehicula suscipit arcu. In ut nibh ut arcu eleifend elementum. Donec eros sem, rhoncus in lorem et, semper feugiat erat. Mauris imperdiet rhoncus dui ac vulputate. Sed elementum velit leo. [<code>\/tab<\/code>][<code>\/tabs<\/code>]<\/pre>\n<p>\\\\n<div class=\"hr\"><\/div><br \/>\n\\\\n<\/p>\n<h3>Acorde\u00f3n<\/h3>\n<p>\\\\n<div class=\"customtab\"><div class=\"accordion-box\">\n<h2>A\u00f1adir t\u00edtulo<\/h2>\n<div class=\"acc-content\">\n<p>Este es un texto de ejemplo para un elemento de acorde\u00f3n, \u00fatil para aclaraciones, preguntas frecuentes o detalles del servicio.<\/p>\n<\/div>\n<div class=\"clear\"><\/div>\n<\/div>\n<div class=\"accordion-box\">\n<h2>A\u00f1adir t\u00edtulo<\/h2>\n<div class=\"acc-content\">\n<p>Este es un texto de ejemplo para un elemento de acorde\u00f3n, \u00fatil para aclaraciones, preguntas frecuentes o detalles del servicio.<\/p>\n<\/div>\n<div class=\"clear\"><\/div>\n<\/div>\n<div class=\"accordion-box\">\n<h2>A\u00f1adir t\u00edtulo<\/h2>\n<div class=\"acc-content\">\n<p>Este es un texto de ejemplo para un elemento de acorde\u00f3n, \u00fatil para aclaraciones, preguntas frecuentes o detalles del servicio.<\/p>\n<\/div>\n<div class=\"clear\"><\/div>\n<\/div>\n<div class=\"clear\"><\/div><\/div><br \/>\n\\\\n<\/p>\n<pre><strong>Shortcode:<\/strong><br>[<code>accordion<\/code>][<code>accordion_content title=\"Add title here\"<\/code>] Vestibulum vehicula suscipit arcu. In ut nibh ut arcu eleifend elementum. Donec eros sem, rhoncus in lorem et, semper feugiat erat. Mauris imperdiet rhoncus dui ac vulputate. [<code>\/accordion_content<\/code>][<code>accordion_content title=\"Add title here\"<\/code>] Vestibulum vehicula suscipit arcu. In ut nibh ut arcu eleifend elementum. Donec eros sem, rhoncus in lorem et, semper feugiat erat. Mauris imperdiet rhoncus dui ac vulputate. [<code>\/accordion_content<\/code>][<code>accordion_content title=\"Add title here\"<\/code>] Vestibulum vehicula suscipit arcu. In ut nibh ut arcu eleifend elementum. Donec eros sem, rhoncus in lorem et, semper feugiat erat. Mauris imperdiet rhoncus dui ac vulputate. [<code>\/accordion_content<\/code>][<code>\/accordion<\/code>] <\/pre>\n<p>\\\\n<div class=\"hr\"><\/div><br \/>\n\\\\n<\/p>\n<h3>Desplegables<\/h3>\n<p>\\\\n<div id=\"toggle-wrap\" class=\"toggle-container\"><div class=\"toggle-entry\"><h3 class=\"toggle-title\">\u00bfD\u00f3nde estamos ubicados?<\/h3>\r\n\t\t\t\t\t<div class=\"toggle-content\"><p> Este es un texto de ejemplo para un bloque desplegable, \u00fatil para direcci\u00f3n, cita previa o m\u00e9todos de pago. <\/p>\n<\/div><\/div><div class=\"toggle-entry\"><h3 class=\"toggle-title\">\u00bfDebes pedir cita previa?<\/h3>\r\n\t\t\t\t\t<div class=\"toggle-content\"><p> Este es un texto de ejemplo para un bloque desplegable, \u00fatil para direcci\u00f3n, cita previa o m\u00e9todos de pago. <\/p>\n<\/div><\/div><div class=\"toggle-entry\"><h3 class=\"toggle-title\">Nuestros m\u00e9todos de pago<\/h3>\r\n\t\t\t\t\t<div class=\"toggle-content\"><p> Este es un texto de ejemplo para un bloque desplegable, \u00fatil para direcci\u00f3n, cita previa o m\u00e9todos de pago. <\/p>\n<\/div><\/div><div class=\"toggle-entry\"><h3 class=\"toggle-title\">Lo que necesitas<\/h3>\r\n\t\t\t\t\t<div class=\"toggle-content\"><p> Este es un texto de ejemplo para un bloque desplegable, \u00fatil para direcci\u00f3n, cita previa o m\u00e9todos de pago. <\/p>\n<\/div><\/div><\/div><br \/>\n\\\\n<\/p>\n<pre><strong>Shortcode:<\/strong><br>[<code>toggle_wrap<\/code>][<code>toggle_content title=\"Where we locate?\"<\/code>] Sed porta magna id dui egestas sodales. Nulla euismod, risus quis tempus efficitur, neque orci elementum nulla, eget varius odio nisi varius lorem [<code>\/toggle_content<\/code>][<code>toggle_content title=\"Should you make appointment?\"<\/code>] Sed porta magna id dui egestas sodales. Nulla euismod, risus quis tempus efficitur, neque orci elementum nulla, eget varius odio nisi varius lorem [<code>\/toggle_content<\/code>][<code>toggle_content title=\"Our Payment method\"<\/code>] Sed porta magna id dui egestas sodales. Nulla euismod, risus quis tempus efficitur, neque orci elementum nulla, eget varius odio nisi varius lorem [<code>\/toggle_content<\/code>][<code>toggle_content title=\"Stuff you need\"<\/code>] Sed porta magna id dui egestas sodales. Nulla euismod, risus quis tempus efficitur, neque orci elementum nulla, eget varius odio nisi varius lorem [<code>\/toggle_content<\/code>][<code>\/toggle_wrap<\/code>]<\/pre>\n","protected":false},"excerpt":{"rendered":"<p>Pesta\u00f1as \\\\n \\\\n Shortcode:[tabs][tab title=\"Tab Title 1\"] Vestibulum vehicula suscipit arcu. In ut &#8230; <\/p>\n","protected":false},"author":1,"featured_media":0,"parent":0,"menu_order":0,"comment_status":"closed","ping_status":"closed","template":"page-templates\/template-no-sidebar.php","meta":{"footnotes":""},"class_list":["post-1088","page","type-page","status-publish","hentry"],"_links":{"self":[{"href":"https:\/\/cndentalhospital.com\/index.php?rest_route=\/wp\/v2\/pages\/1088","targetHints":{"allow":["GET"]}}],"collection":[{"href":"https:\/\/cndentalhospital.com\/index.php?rest_route=\/wp\/v2\/pages"}],"about":[{"href":"https:\/\/cndentalhospital.com\/index.php?rest_route=\/wp\/v2\/types\/page"}],"author":[{"embeddable":true,"href":"https:\/\/cndentalhospital.com\/index.php?rest_route=\/wp\/v2\/users\/1"}],"replies":[{"embeddable":true,"href":"https:\/\/cndentalhospital.com\/index.php?rest_route=%2Fwp%2Fv2%2Fcomments&post=1088"}],"version-history":[{"count":0,"href":"https:\/\/cndentalhospital.com\/index.php?rest_route=\/wp\/v2\/pages\/1088\/revisions"}],"wp:attachment":[{"href":"https:\/\/cndentalhospital.com\/index.php?rest_route=%2Fwp%2Fv2%2Fmedia&parent=1088"}],"curies":[{"name":"wp","href":"https:\/\/api.w.org\/{rel}","templated":true}]}}