{"id":1085,"date":"2024-09-17T06:55:41","date_gmt":"2024-09-17T06:55:41","guid":{"rendered":"http:\/\/dental-hospital.test\/?page_id=1085"},"modified":"2024-09-17T06:55:41","modified_gmt":"2024-09-17T06:55:41","slug":"tabs-accordion-fr","status":"publish","type":"page","link":"https:\/\/cndentalhospital.com\/?page_id=1085&lang=fr","title":{"rendered":"Onglets et accord\u00e9on"},"content":{"rendered":"<h3>Onglets<\/h3>\n<p>\\\\n<div class=\"tabs-wrapper\"><ul class=\"tabs\"><li><a rel=\"tab727\" href=\"javascript:void(0)\">Onglet 1<\/a><div id=\"tab727\" class=\"tab-content\"><p> Ceci est un texte d\u2019exemple pour le contenu d\u2019un onglet, \u00e0 remplacer par des services, des FAQ ou toute autre information structur\u00e9e.  <\/p>\n<\/div><\/li><li><a rel=\"tab985\" href=\"javascript:void(0)\">Onglet 2<\/a><div id=\"tab985\" class=\"tab-content\"><p> Ceci est un second exemple de contenu d\u2019onglet, \u00e0 personnaliser avec des explications plus d\u00e9taill\u00e9es selon le th\u00e8me choisi. <\/p>\n<\/div><\/li><li><a rel=\"tab112\" href=\"javascript:void(0)\">Onglet 3<\/a><div id=\"tab112\" class=\"tab-content\"><p> Voici un troisi\u00e8me exemple de contenu d\u2019onglet, id\u00e9al pour pr\u00e9senter une autre cat\u00e9gorie d\u2019informations, un point fort ou une pr\u00e9cision utile.  <\/p>\n<\/div><\/li><\/ul><\/div><br \/>\n\\\\n<\/p>\n<pre><strong>Shortcode:<\/strong><br>[<code>tabs<\/code>][<code>tab title=\"Tab Title 1\"<\/code>] Vestibulum vehicula suscipit arcu. In ut nibh ut arcu eleifend elementum. Donec eros sem, rhoncus in lorem et, semper feugiat erat. Mauris imperdiet rhoncus dui ac vulputate. [<code>\/tab<\/code>][<code>tab title=\"Tab Title 2\"<\/code>] Vestibulum vehicula suscipit arcu. In ut nibh ut arcu eleifend elementum. Donec eros sem, rhoncus in lorem et, semper feugiat erat. Mauris imperdiet rhoncus dui ac vulputate. Sed ut placerat quam. [<code>\/tab<\/code>][<code>tab title=\"Tab Title 3\"<\/code>] Vestibulum vehicula suscipit arcu. In ut nibh ut arcu eleifend elementum. Donec eros sem, rhoncus in lorem et, semper feugiat erat. Mauris imperdiet rhoncus dui ac vulputate. Sed elementum velit leo. [<code>\/tab<\/code>][<code>\/tabs<\/code>]<\/pre>\n<p>\\\\n<div class=\"hr\"><\/div><br \/>\n\\\\n<\/p>\n<h3>Accord\u00e9on<\/h3>\n<p>\\\\n<div class=\"customtab\"><div class=\"accordion-box\">\n<h2>Ajouter un titre<\/h2>\n<div class=\"acc-content\">\n<p>Ceci est un texte d\u2019exemple pour un \u00e9l\u00e9ment d\u2019accord\u00e9on, utile pour des pr\u00e9cisions, des FAQ ou des d\u00e9tails de service.<\/p>\n<\/div>\n<div class=\"clear\"><\/div>\n<\/div>\n<div class=\"accordion-box\">\n<h2>Ajouter un titre<\/h2>\n<div class=\"acc-content\">\n<p>Ceci est un texte d\u2019exemple pour un \u00e9l\u00e9ment d\u2019accord\u00e9on, utile pour des pr\u00e9cisions, des FAQ ou des d\u00e9tails de service.<\/p>\n<\/div>\n<div class=\"clear\"><\/div>\n<\/div>\n<div class=\"accordion-box\">\n<h2>Ajouter un titre<\/h2>\n<div class=\"acc-content\">\n<p>Ceci est un texte d\u2019exemple pour un \u00e9l\u00e9ment d\u2019accord\u00e9on, utile pour des pr\u00e9cisions, des FAQ ou des d\u00e9tails de service.<\/p>\n<\/div>\n<div class=\"clear\"><\/div>\n<\/div>\n<div class=\"clear\"><\/div><\/div><br \/>\n\\\\n<\/p>\n<pre><strong>Shortcode:<\/strong><br>[<code>accordion<\/code>][<code>accordion_content title=\"Add title here\"<\/code>] Vestibulum vehicula suscipit arcu. In ut nibh ut arcu eleifend elementum. Donec eros sem, rhoncus in lorem et, semper feugiat erat. Mauris imperdiet rhoncus dui ac vulputate. [<code>\/accordion_content<\/code>][<code>accordion_content title=\"Add title here\"<\/code>] Vestibulum vehicula suscipit arcu. In ut nibh ut arcu eleifend elementum. Donec eros sem, rhoncus in lorem et, semper feugiat erat. Mauris imperdiet rhoncus dui ac vulputate. [<code>\/accordion_content<\/code>][<code>accordion_content title=\"Add title here\"<\/code>] Vestibulum vehicula suscipit arcu. In ut nibh ut arcu eleifend elementum. Donec eros sem, rhoncus in lorem et, semper feugiat erat. Mauris imperdiet rhoncus dui ac vulputate. [<code>\/accordion_content<\/code>][<code>\/accordion<\/code>] <\/pre>\n<p>\\\\n<div class=\"hr\"><\/div><br \/>\n\\\\n<\/p>\n<h3>Volets d\u00e9pliants<\/h3>\n<p>\\\\n<div id=\"toggle-wrap\" class=\"toggle-container\"><div class=\"toggle-entry\"><h3 class=\"toggle-title\">O\u00f9 sommes-nous situ\u00e9s ?<\/h3>\r\n\t\t\t\t\t<div class=\"toggle-content\"><p> Ceci est un texte d\u2019exemple pour un \u00e9l\u00e9ment repliable, utile pour l\u2019adresse, les rendez-vous ou les modalit\u00e9s de paiement. <\/p>\n<\/div><\/div><div class=\"toggle-entry\"><h3 class=\"toggle-title\">Faut-il prendre rendez-vous ?<\/h3>\r\n\t\t\t\t\t<div class=\"toggle-content\"><p> Ceci est un texte d\u2019exemple pour un \u00e9l\u00e9ment repliable, utile pour l\u2019adresse, les rendez-vous ou les modalit\u00e9s de paiement. <\/p>\n<\/div><\/div><div class=\"toggle-entry\"><h3 class=\"toggle-title\">Nos modes de paiement<\/h3>\r\n\t\t\t\t\t<div class=\"toggle-content\"><p> Ceci est un texte d\u2019exemple pour un \u00e9l\u00e9ment repliable, utile pour l\u2019adresse, les rendez-vous ou les modalit\u00e9s de paiement. <\/p>\n<\/div><\/div><div class=\"toggle-entry\"><h3 class=\"toggle-title\">Ce dont vous avez besoin<\/h3>\r\n\t\t\t\t\t<div class=\"toggle-content\"><p> Ceci est un texte d\u2019exemple pour un \u00e9l\u00e9ment repliable, utile pour l\u2019adresse, les rendez-vous ou les modalit\u00e9s de paiement. <\/p>\n<\/div><\/div><\/div><br \/>\n\\\\n<\/p>\n<pre><strong>Shortcode:<\/strong><br>[<code>toggle_wrap<\/code>][<code>toggle_content title=\"Where we locate?\"<\/code>] Sed porta magna id dui egestas sodales. Nulla euismod, risus quis tempus efficitur, neque orci elementum nulla, eget varius odio nisi varius lorem [<code>\/toggle_content<\/code>][<code>toggle_content title=\"Should you make appointment?\"<\/code>] Sed porta magna id dui egestas sodales. Nulla euismod, risus quis tempus efficitur, neque orci elementum nulla, eget varius odio nisi varius lorem [<code>\/toggle_content<\/code>][<code>toggle_content title=\"Our Payment method\"<\/code>] Sed porta magna id dui egestas sodales. Nulla euismod, risus quis tempus efficitur, neque orci elementum nulla, eget varius odio nisi varius lorem [<code>\/toggle_content<\/code>][<code>toggle_content title=\"Stuff you need\"<\/code>] Sed porta magna id dui egestas sodales. Nulla euismod, risus quis tempus efficitur, neque orci elementum nulla, eget varius odio nisi varius lorem [<code>\/toggle_content<\/code>][<code>\/toggle_wrap<\/code>]<\/pre>\n","protected":false},"excerpt":{"rendered":"<p>Onglets \\\\n \\\\n Shortcode:[tabs][tab title=\"Tab Title 1\"] Vestibulum vehicula suscipit arcu. In ut n&#8230; <\/p>\n","protected":false},"author":1,"featured_media":0,"parent":0,"menu_order":0,"comment_status":"closed","ping_status":"closed","template":"page-templates\/template-no-sidebar.php","meta":{"footnotes":""},"class_list":["post-1085","page","type-page","status-publish","hentry"],"_links":{"self":[{"href":"https:\/\/cndentalhospital.com\/index.php?rest_route=\/wp\/v2\/pages\/1085","targetHints":{"allow":["GET"]}}],"collection":[{"href":"https:\/\/cndentalhospital.com\/index.php?rest_route=\/wp\/v2\/pages"}],"about":[{"href":"https:\/\/cndentalhospital.com\/index.php?rest_route=\/wp\/v2\/types\/page"}],"author":[{"embeddable":true,"href":"https:\/\/cndentalhospital.com\/index.php?rest_route=\/wp\/v2\/users\/1"}],"replies":[{"embeddable":true,"href":"https:\/\/cndentalhospital.com\/index.php?rest_route=%2Fwp%2Fv2%2Fcomments&post=1085"}],"version-history":[{"count":0,"href":"https:\/\/cndentalhospital.com\/index.php?rest_route=\/wp\/v2\/pages\/1085\/revisions"}],"wp:attachment":[{"href":"https:\/\/cndentalhospital.com\/index.php?rest_route=%2Fwp%2Fv2%2Fmedia&parent=1085"}],"curies":[{"name":"wp","href":"https:\/\/api.w.org\/{rel}","templated":true}]}}