{"id":1070,"date":"2024-09-17T06:54:40","date_gmt":"2024-09-17T06:54:40","guid":{"rendered":"http:\/\/dental-hospital.test\/?page_id=1070"},"modified":"2024-09-17T06:54:40","modified_gmt":"2024-09-17T06:54:40","slug":"page-right-sidebar-fr","status":"publish","type":"page","link":"https:\/\/cndentalhospital.com\/?page_id=1070&lang=fr","title":{"rendered":"Page avec barre lat\u00e9rale droite"},"content":{"rendered":"<p>Il s\u2019agit d\u2019une page de contenu standard destin\u00e9e \u00e0 montrer le rythme de lecture et l\u2019apparence des paragraphes dans diff\u00e9rentes mises en page.<\/p>\n<p>Vous pouvez remplacer ce texte par une pr\u00e9sentation de la clinique, des descriptions de services, une FAQ ou tout autre contenu institutionnel.<\/p>\n<p>La longueur des paragraphes, les espacements et la hi\u00e9rarchie typographique sont utiles pour tester le rendu \u00e9ditorial.<\/p>\n<p>Si vous souhaitez ajouter des images, des boutons ou des shortcodes par la suite, cette base s\u2019y pr\u00eate tr\u00e8s bien.<\/p>\n<p>Cet exemple convient particuli\u00e8rement \u00e0 la cr\u00e9ation de pages internes classiques.<\/p>\n","protected":false},"excerpt":{"rendered":"<p>Il s\u2019agit d\u2019une page de contenu standard destin\u00e9e \u00e0 montrer le rythme de lecture et l\u2019apparence des &#8230; <\/p>\n","protected":false},"author":1,"featured_media":0,"parent":0,"menu_order":0,"comment_status":"closed","ping_status":"closed","template":"","meta":{"footnotes":""},"class_list":["post-1070","page","type-page","status-publish","hentry"],"_links":{"self":[{"href":"https:\/\/cndentalhospital.com\/index.php?rest_route=\/wp\/v2\/pages\/1070","targetHints":{"allow":["GET"]}}],"collection":[{"href":"https:\/\/cndentalhospital.com\/index.php?rest_route=\/wp\/v2\/pages"}],"about":[{"href":"https:\/\/cndentalhospital.com\/index.php?rest_route=\/wp\/v2\/types\/page"}],"author":[{"embeddable":true,"href":"https:\/\/cndentalhospital.com\/index.php?rest_route=\/wp\/v2\/users\/1"}],"replies":[{"embeddable":true,"href":"https:\/\/cndentalhospital.com\/index.php?rest_route=%2Fwp%2Fv2%2Fcomments&post=1070"}],"version-history":[{"count":0,"href":"https:\/\/cndentalhospital.com\/index.php?rest_route=\/wp\/v2\/pages\/1070\/revisions"}],"wp:attachment":[{"href":"https:\/\/cndentalhospital.com\/index.php?rest_route=%2Fwp%2Fv2%2Fmedia&parent=1070"}],"curies":[{"name":"wp","href":"https:\/\/api.w.org\/{rel}","templated":true}]}}