{"id":1053,"date":"2024-09-17T06:53:37","date_gmt":"2024-09-17T06:53:37","guid":{"rendered":"http:\/\/dental-hospital.test\/?page_id=1053"},"modified":"2024-09-17T06:53:37","modified_gmt":"2024-09-17T06:53:37","slug":"other-shortcode-es","status":"publish","type":"page","link":"https:\/\/cndentalhospital.com\/?page_id=1053&lang=es","title":{"rendered":"Otros shortcodes"},"content":{"rendered":"<p><div class=\"flex-element row flex-wrap \"><p>\n\\n<\/p>\n<div class=\"col-6 \">\n<h3>T\u00edtulo de secci\u00f3n<\/h3>\n<div class=\"section_head\">\n<h4 class=\"section_sub_title\"><span>A\u00f1ade aqu\u00ed un subt\u00edtulo<\/span><\/h4>\n<h2 class=\"section_title\">A\u00f1adir t\u00edtulo<\/h2>\n<p>A\u00f1ade aqu\u00ed el texto de la secci\u00f3n<\/p>\n<\/div>\n<pre><strong>Shortcode:<\/strong><br>[<code>section_title sub_title=\"Add sub title here\" title=\"Add Section Title\" section_text=\"Add Section text here\"<\/code>]<\/pre>\n<\/div>\n<p>\n\\n<\/p>\n<div class=\"col-6 \">\n<h3>Encabezado personalizado<\/h3>\n<div class=\"custom-heading\" style=\"text-align:left; font-size:46px; font-family:Jost;\">\n<h2 style=\"color:#071b33;font-size:46px; font-family:Jost; font-weight:500;\"><span style=\"color:#0092FF\">A\u00f1ade aqu\u00ed un t\u00edtulo peque\u00f1o<\/span>Encabezado personalizado<\/h2>\n<\/p>\n<\/div>\n<pre><strong>Shortcode:<\/strong><br>[<code>custom_heading sml_ttl=\"Add small title here\" sml_title_color=\"#0092FF\" title=\"Custom Heading\" title_color=\"#071b33\" font_size=\"46px\" font_weight=\"600\" font_family=\"Fogaz One\" align=\"left\/right\/center\"<\/code>]<\/pre>\n<\/div>\n<p>\n\\n<\/p>\n<\/div><div class=\"hr\"><\/div><br \/>\n\\n<br \/>\n\\n<\/p>\n<h3>C\u00f3digo de secci\u00f3n para plantilla de p\u00e1gina a pantalla completa<\/h3>\n<p>\\n<\/p>\n<pre><strong>Shortcode:<\/strong><br>[<code>section container_class=\"container\/full-container\" animation_type=\"fadeIn\" background_image=\"Add background image path\" background_color=\"#ffffff\" section_sub_title=\"Add section sub title\" section_title=\"Add section title\" section_text=\"Add sub text here\" section_class=\"Add class to this section\"<\/code>] Add content \/ shortcode here [<code>\/section<\/code>]<\/pre>\n<p><div class=\"hr\"><\/div><br \/>\n\\n<br \/>\n\\n<div class=\"flex-element row flex-wrap \"><p>\n\\n<\/p>\n<div class=\"col-6 \">\n<h3>Listas desordenadas<\/h3>\n<ul class=\"list-1\">\n<li>A\u00f1adir contenido<\/li>\n<\/ul>\n<ul class=\"list-2\">\n<li>A\u00f1adir contenido<\/li>\n<\/ul>\n<ul class=\"list-3\">\n<li>A\u00f1adir contenido<\/li>\n<\/ul>\n<ul class=\"list-4\">\n<li>A\u00f1adir contenido<\/li>\n<\/ul>\n<ul class=\"list-5\">\n<li>A\u00f1adir contenido<\/li>\n<\/ul>\n<ul class=\"list-6\">\n<li>A\u00f1adir contenido<\/li>\n<\/ul>\n<ul class=\"list-7\">\n<li>A\u00f1adir contenido<\/li>\n<\/ul>\n<ul class=\"list-8\">\n<li>A\u00f1adir contenido<\/li>\n<\/ul>\n<ul class=\"list-9\">\n<li>A\u00f1adir contenido<\/li>\n<\/ul>\n<ul class=\"list-10\">\n<li>A\u00f1adir contenido<\/li>\n<\/ul>\n<p>\n\\n<\/p>\n<pre><strong>Shortcode:<\/strong><br>[<code>unordered_list style=\"list-1\/list-2\/list-3\/list-4\/list-5\/list-6\/list-7\/list-8\/list-9\/list-10\"<\/code>]&lt;li>Add content&lt;\/li> &lt;li>Add content&lt;\/li> &lt;li>Add content&lt;\/li> &lt;li>Add content&lt;\/li> &lt;li>Add content&lt;\/li>[<code>\/unordered_list<\/code>]<\/pre>\n<\/div>\n<p>\n\\n<\/p>\n<div class=\"col-6 \">\n<h3>Carrusel de im\u00e1genes<\/h3>\n<p>\\n<\/p>\n<div id=\"image-slider\" class=\"owl-carousel owl-theme\">\n<div class=\"item\"><a href=\"https:\/\/flydemos.net\/toothwise\/wp-content\/uploads\/2024\/09\/news8.jpg\" data-fancybox=\"images\"><img decoding=\"async\" src=\"https:\/\/flydemos.net\/toothwise\/wp-content\/uploads\/2024\/09\/news8.jpg\" \/><\/a><\/div>\n<div class=\"item\"><a href=\"https:\/\/flydemos.net\/toothwise\/wp-content\/uploads\/2024\/09\/news6.jpg\" data-fancybox=\"images\"><img decoding=\"async\" src=\"https:\/\/flydemos.net\/toothwise\/wp-content\/uploads\/2024\/09\/news6.jpg\" \/><\/a><\/div>\n<div class=\"item\"><a href=\"https:\/\/flydemos.net\/toothwise\/wp-content\/uploads\/2024\/09\/news4.jpg\" data-fancybox=\"images\"><img decoding=\"async\" src=\"https:\/\/flydemos.net\/toothwise\/wp-content\/uploads\/2024\/09\/news4.jpg\" \/><\/a><\/div>\n<\/div>\n<pre><strong>Shortcode:<\/strong><br>[<code>image_carousel<\/code>][<code>image path=\"https:\/\/flydemos.net\/toothwise\/wp-content\/uploads\/2024\/09\/news1.jpg\"<\/code>][<code>image path=\"https:\/\/flydemos.net\/toothwise\/wp-content\/uploads\/2024\/09\/news2.jpg\"<\/code>][<code>image path=\"https:\/\/flydemos.net\/toothwise\/wp-content\/uploads\/2024\/09\/news3.jpg\"<\/code>][<code>\/image_carousel<\/code>]<\/pre>\n<\/div>\n<p>\n\\n<\/p>\n<\/div><div class=\"hr\"><\/div><br \/>\n\\n<br \/>\n\\n<\/p>\n<h3>Rotador de logos de clientes<\/h3>\n<p>\\n<div class=\"partners owl-carousel owl-theme\"><div class=\"item\"><div class=\"partner-logo\"><a href=\"#\" target=\"_blank\"><img decoding=\"async\" src=\"https:\/\/flydemos.net\/toothwise\/wp-content\/uploads\/2024\/09\/client-1.png\" \/><\/a><\/div><\/div><div class=\"item\"><div class=\"partner-logo\"><a href=\"#\" target=\"_blank\"><img decoding=\"async\" src=\"https:\/\/flydemos.net\/toothwise\/wp-content\/uploads\/2024\/09\/client-2.png\" \/><\/a><\/div><\/div><div class=\"item\"><div class=\"partner-logo\"><a href=\"#\" target=\"_blank\"><img decoding=\"async\" src=\"https:\/\/flydemos.net\/toothwise\/wp-content\/uploads\/2024\/09\/client-3.png\" \/><\/a><\/div><\/div><div class=\"item\"><div class=\"partner-logo\"><a href=\"#\" target=\"_blank\"><img decoding=\"async\" src=\"https:\/\/flydemos.net\/toothwise\/wp-content\/uploads\/2024\/09\/client-4.png\" \/><\/a><\/div><\/div><div class=\"item\"><div class=\"partner-logo\"><a href=\"#\" target=\"_blank\"><img decoding=\"async\" src=\"https:\/\/flydemos.net\/toothwise\/wp-content\/uploads\/2024\/09\/client-5.png\" \/><\/a><\/div><\/div><\/div><br \/>\n\\n<\/p>\n<pre><strong>Shortcode:<\/strong><br>[<code>client image=\"https:\/\/flydemos.net\/toothwise\/wp-content\/uploads\/2024\/09\/client-1.png\" link=\"#\"<\/code>][<code>client image=\"https:\/\/flydemos.net\/toothwise\/wp-content\/uploads\/2024\/09\/client-2.png\" link=\"#\"<\/code>][<code>client image=\"https:\/\/flydemos.net\/toothwise\/wp-content\/uploads\/2024\/09\/client-3.png\" link=\"#\"<\/code>]<\/pre>\n<p><div class=\"hr\"><\/div><br \/>\n\\n<br \/>\n\\n<\/p>\n<h3>Iconos sociales<\/h3>\n<div class=\"social-icons\"><a href=\"#\" target=\"_blank\" title=\"facebook-f\"><i class=\"fab fa-facebook-f\"><\/i><\/a><a href=\"#\" target=\"_blank\" title=\"instagram\"><i class=\"fab fa-instagram\"><\/i><\/a><a href=\"#\" target=\"_blank\" title=\"twitter\"><i class=\"fab fa-twitter\"><\/i><\/a><a href=\"#\" target=\"_blank\" title=\"linkedin\"><i class=\"fab fa-linkedin\"><\/i><\/a><a href=\"#\" target=\"_blank\" title=\"youtube\"><i class=\"fab fa-youtube\"><\/i><\/a><a href=\"#\" target=\"_blank\" title=\"skype\"><i class=\"fab fa-skype\"><\/i><\/a><\/div>\n<pre><strong>Shortcode:<\/strong><br>[<code>social_area<\/code>][<code>social icon=\"facebook-f\" link=\"#\"<\/code>][<code>social icon=\"instagram\" link=\"#\"<\/code>][<code>social icon=\"twitter\" link=\"#\"<\/code>][<code>social icon=\"linkedin\" link=\"#\"<\/code>][<code>social icon=\"youtube\" link=\"#\"<\/code>][<code>social icon=\"skype\" link=\"#\"<\/code>][<code>\/social_area<\/code>]<\/pre>\n<p><div class=\"hr\"><\/div><br \/>\n\\n<br \/>\n\\n<\/p>\n<h3>Cita destacada<\/h3>\n<p>\\n<blockquote class=\"align-left\"> Este es un texto de cita de ejemplo, \u00fatil para mostrar una declaraci\u00f3n de marca, la opini\u00f3n de un cliente o un mensaje destacado. <\/blockquote><br \/>\n\\n<br \/>\n\\n<blockquote class=\"align-right\"> Este es un texto de cita de ejemplo, \u00fatil para mostrar una declaraci\u00f3n de marca, la opini\u00f3n de un cliente o un mensaje destacado. <\/blockquote><br \/>\n\\n<\/p>\n<pre><strong>Shortcode:<\/strong><br>[<code>blockquote align=\"left\/right\"<\/code>] Phasellus suscipit porttitor fringilla. Vivamus eu placerat elit. Quisque sem. Integer vehicula tristique efficitur. Phasellus suscipit porttitor fringilla. Vivamus eu placerat elit. Quisque sem [<code>\/blockquote<\/code>] <\/pre>\n<p>\\n<div class=\"hr\"><\/div><br \/>\n\\n<br \/>\n\\n<div class=\"flex-element row flex-wrap \"><div class=\"col-6 \">\n<h3>V\u00eddeo de YouTube<\/h3>\n<div class=\"youtube-vid\"><iframe loading=\"lazy\" height=\"240\" width=\"320\" src=\"\/\/www.youtube.com\/embed\/_mlf-lP9g6E?rel=0&#038;showinfo=0&#038;controls=1;\" frameborder=\"0\" allow=\"autoplay; encrypted-media\" allowfullscreen><\/iframe><\/div>\n<pre><strong>Shortcode:<\/strong><br>[<code>youtube vid_identifier=\"_mlf-lP9g6E\"<\/code>]<\/pre>\n<\/div>\n<div class=\"col-6 \">\n<h3>V\u00eddeo de Vimeo<\/h3>\n<div class=\"vimeo-vid\"><iframe loading=\"lazy\" src=\"\/\/player.vimeo.com\/video\/144785540?title=0&#038;byline=0&#038;portrait=0&#038;autoplay=0&#038;rel=0;\" height=\"240\" width=\"320\" frameborder=\"0\" allow=\"autoplay; fullscreen\"><\/iframe><\/div>\n<pre><strong>Shortcode:<\/strong><br>[<code>vimeo vid_identifier=\"144785540\"<\/code>]<\/pre>\n<\/div>\n<\/div><div class=\"hr\"><\/div><br \/>\n\\n<\/p>\n<h3>Letra capital<\/h3>\n<p>\\n<span class=\"dropcap\">L<\/span>orem Este es un texto de ejemplo con letra capital que puede sustituirse por la introducci\u00f3n real.<br \/>\n\\n<\/p>\n<pre><strong>Shortcode:<\/strong><br>[<code>dropcap<\/code>]L[\/<code>dropcap<\/code>]orem integer vehicula tristique efficitur. Phasellus suscipit porttitor fringilla. Vivamus eu placerat elit. Quisque sem. Integer vehicula tristique efficitur. Phasellus suscipit porttitor fringilla. Vivamus eu placerat elit. Quisque sem. <\/pre>\n<p>\\n<div class=\"hr\"><\/div><br \/>\n\\n<br \/>\n\\n<\/p>\n<pre>[<code>clear<\/code>]<\/pre>\n<p>\\n<\/p>\n<pre>[<code>hr<\/code>]<\/pre>\n<p>\\n<\/p>\n<pre>[<code>back-to-top<\/code>]<\/pre>\n<p>\\n<\/p>\n<pre>[<code>searchform<\/code>]<\/pre>\n<p>\\n<\/p>\n<pre>[<code>spacer space=\"50\"<\/code>]<\/pre>\n","protected":false},"excerpt":{"rendered":"<p>\\n \\n C\u00f3digo de secci\u00f3n para plantilla de p\u00e1gina a pantalla completa \\n Shortcode:[section container&#8230; <\/p>\n","protected":false},"author":1,"featured_media":0,"parent":0,"menu_order":0,"comment_status":"closed","ping_status":"closed","template":"page-templates\/template-full-width.php","meta":{"footnotes":""},"class_list":["post-1053","page","type-page","status-publish","hentry"],"_links":{"self":[{"href":"https:\/\/cndentalhospital.com\/index.php?rest_route=\/wp\/v2\/pages\/1053","targetHints":{"allow":["GET"]}}],"collection":[{"href":"https:\/\/cndentalhospital.com\/index.php?rest_route=\/wp\/v2\/pages"}],"about":[{"href":"https:\/\/cndentalhospital.com\/index.php?rest_route=\/wp\/v2\/types\/page"}],"author":[{"embeddable":true,"href":"https:\/\/cndentalhospital.com\/index.php?rest_route=\/wp\/v2\/users\/1"}],"replies":[{"embeddable":true,"href":"https:\/\/cndentalhospital.com\/index.php?rest_route=%2Fwp%2Fv2%2Fcomments&post=1053"}],"version-history":[{"count":0,"href":"https:\/\/cndentalhospital.com\/index.php?rest_route=\/wp\/v2\/pages\/1053\/revisions"}],"wp:attachment":[{"href":"https:\/\/cndentalhospital.com\/index.php?rest_route=%2Fwp%2Fv2%2Fmedia&parent=1053"}],"curies":[{"name":"wp","href":"https:\/\/api.w.org\/{rel}","templated":true}]}}