{"id":1035,"date":"2024-09-17T06:52:11","date_gmt":"2024-09-17T06:52:11","guid":{"rendered":"https:\/\/cndentalhospital.com\/?page_id=1035"},"modified":"2024-09-17T06:52:11","modified_gmt":"2024-09-17T06:52:11","slug":"layout2-fr","status":"publish","type":"page","link":"https:\/\/cndentalhospital.com\/?page_id=1035&lang=fr","title":{"rendered":"Mise en page en-t\u00eate\/pied 2"},"content":{"rendered":"<p>Cette page sert d\u2019exemple pour pr\u00e9visualiser diff\u00e9rentes combinaisons d\u2019en-t\u00eate et de pied de page avec un contenu standard.<\/p>\n<p>Vous pouvez y placer du texte courant, une pr\u00e9sentation ou du contenu de d\u00e9monstration afin d\u2019\u00e9valuer le rendu du mod\u00e8le dans une situation r\u00e9elle.<\/p>\n<p>Si n\u00e9cessaire, cette mise en page peut aussi \u00eatre combin\u00e9e avec une barre lat\u00e9rale, des widgets ou des shortcodes.<\/p>\n<p>L\u2019objectif principal de cet exemple est de comparer plusieurs variantes de mise en page et de choisir celle qui correspond le mieux au style du site.<\/p>\n","protected":false},"excerpt":{"rendered":"<p>Cette page sert d\u2019exemple pour pr\u00e9visualiser diff\u00e9rentes combinaisons d\u2019en-t\u00eate et de pied de page a&#8230; <\/p>\n","protected":false},"author":1,"featured_media":0,"parent":0,"menu_order":0,"comment_status":"closed","ping_status":"closed","template":"page-templates\/template-headertwo.php","meta":{"footnotes":""},"class_list":["post-1035","page","type-page","status-publish","hentry"],"_links":{"self":[{"href":"https:\/\/cndentalhospital.com\/index.php?rest_route=\/wp\/v2\/pages\/1035","targetHints":{"allow":["GET"]}}],"collection":[{"href":"https:\/\/cndentalhospital.com\/index.php?rest_route=\/wp\/v2\/pages"}],"about":[{"href":"https:\/\/cndentalhospital.com\/index.php?rest_route=\/wp\/v2\/types\/page"}],"author":[{"embeddable":true,"href":"https:\/\/cndentalhospital.com\/index.php?rest_route=\/wp\/v2\/users\/1"}],"replies":[{"embeddable":true,"href":"https:\/\/cndentalhospital.com\/index.php?rest_route=%2Fwp%2Fv2%2Fcomments&post=1035"}],"version-history":[{"count":0,"href":"https:\/\/cndentalhospital.com\/index.php?rest_route=\/wp\/v2\/pages\/1035\/revisions"}],"wp:attachment":[{"href":"https:\/\/cndentalhospital.com\/index.php?rest_route=%2Fwp%2Fv2%2Fmedia&parent=1035"}],"curies":[{"name":"wp","href":"https:\/\/api.w.org\/{rel}","templated":true}]}}