{"id":1033,"date":"2024-09-17T06:51:53","date_gmt":"2024-09-17T06:51:53","guid":{"rendered":"https:\/\/cndentalhospital.com\/?page_id=1033"},"modified":"2024-09-17T06:51:53","modified_gmt":"2024-09-17T06:51:53","slug":"layout1-es","status":"publish","type":"page","link":"https:\/\/cndentalhospital.com\/?page_id=1033&lang=es","title":{"rendered":"Dise\u00f1o de cabecera y pie 1"},"content":{"rendered":"<p>Esta p\u00e1gina sirve como ejemplo para previsualizar distintas combinaciones de cabecera y pie con contenido normal dentro de la p\u00e1gina.<\/p>\n<p>Aqu\u00ed puedes colocar texto corriente, una presentaci\u00f3n o contenido de demostraci\u00f3n para ver c\u00f3mo se comporta el dise\u00f1o en un caso real.<\/p>\n<p>Si lo necesitas, tambi\u00e9n puedes combinar este dise\u00f1o con barra lateral, widgets o m\u00f3dulos shortcode.<\/p>\n<p>El objetivo principal de este ejemplo es ayudarte a comparar varios estilos de dise\u00f1o y elegir el que mejor encaje con el sitio.<\/p>\n","protected":false},"excerpt":{"rendered":"<p>Esta p\u00e1gina sirve como ejemplo para previsualizar distintas combinaciones de cabecera y pie con cont&#8230; <\/p>\n","protected":false},"author":1,"featured_media":0,"parent":0,"menu_order":0,"comment_status":"closed","ping_status":"closed","template":"page-templates\/template-headerone.php","meta":{"footnotes":""},"class_list":["post-1033","page","type-page","status-publish","hentry"],"_links":{"self":[{"href":"https:\/\/cndentalhospital.com\/index.php?rest_route=\/wp\/v2\/pages\/1033","targetHints":{"allow":["GET"]}}],"collection":[{"href":"https:\/\/cndentalhospital.com\/index.php?rest_route=\/wp\/v2\/pages"}],"about":[{"href":"https:\/\/cndentalhospital.com\/index.php?rest_route=\/wp\/v2\/types\/page"}],"author":[{"embeddable":true,"href":"https:\/\/cndentalhospital.com\/index.php?rest_route=\/wp\/v2\/users\/1"}],"replies":[{"embeddable":true,"href":"https:\/\/cndentalhospital.com\/index.php?rest_route=%2Fwp%2Fv2%2Fcomments&post=1033"}],"version-history":[{"count":0,"href":"https:\/\/cndentalhospital.com\/index.php?rest_route=\/wp\/v2\/pages\/1033\/revisions"}],"wp:attachment":[{"href":"https:\/\/cndentalhospital.com\/index.php?rest_route=%2Fwp%2Fv2%2Fmedia&parent=1033"}],"curies":[{"name":"wp","href":"https:\/\/api.w.org\/{rel}","templated":true}]}}